{"id":10200,"date":"2021-10-08T12:39:16","date_gmt":"2021-10-08T10:39:16","guid":{"rendered":"https:\/\/xn--mllefisk-54a.dk\/services\/"},"modified":"2025-06-24T11:23:04","modified_gmt":"2025-06-24T09:23:04","slug":"services","status":"publish","type":"page","link":"https:\/\/xn--mllefisk-54a.dk\/en\/services\/","title":{"rendered":"Services"},"content":{"rendered":"\t\t<div data-elementor-type=\"wp-page\" data-elementor-id=\"10200\" class=\"elementor elementor-10200 elementor-2940\" data-elementor-post-type=\"page\">\n\t\t\t\t<div class=\"elementor-element elementor-element-6f32f6a4 e-con-full no-padding e-flex e-con e-parent\" data-id=\"6f32f6a4\" data-element_type=\"container\" data-e-type=\"container\">\n\t\t\t\t<div class=\"elementor-element elementor-element-2df1329b elementor-widget elementor-widget-template\" data-id=\"2df1329b\" data-element_type=\"widget\" data-e-type=\"widget\" data-widget_type=\"template.default\">\n\t\t\t\t<div class=\"elementor-widget-container\">\n\t\t\t\t\t\t\t<div class=\"elementor-template\">\n\t\t\t\t\t<div data-elementor-type=\"container\" data-elementor-id=\"6563\" class=\"elementor elementor-6563\" data-elementor-post-type=\"elementor_library\">\n\t\t\t\t<div class=\"elementor-element elementor-element-6b499f1f e-con-full no-padding e-flex e-con e-parent\" data-id=\"6b499f1f\" data-element_type=\"container\" data-e-type=\"container\">\n\t\t\t\t<div class=\"elementor-element elementor-element-1ecbb66 elementor-widget elementor-widget-template\" data-id=\"1ecbb66\" data-element_type=\"widget\" data-e-type=\"widget\" data-widget_type=\"template.default\">\n\t\t\t\t<div class=\"elementor-widget-container\">\n\t\t\t\t\t\t\t<div class=\"elementor-template\">\n\t\t\t\t\t<div data-elementor-type=\"container\" data-elementor-id=\"6542\" class=\"elementor elementor-6542\" data-elementor-post-type=\"elementor_library\">\n\t\t\t\t<div class=\"elementor-element elementor-element-2bc4b5ab white e-flex e-con-boxed e-con e-parent\" data-id=\"2bc4b5ab\" data-element_type=\"container\" data-e-type=\"container\" data-settings=\"{&quot;background_background&quot;:&quot;classic&quot;}\">\n\t\t\t\t\t<div class=\"e-con-inner\">\n\t\t\t\t\t<\/div>\n\t\t\t\t<\/div>\n\t\t\t\t<\/div>\n\t\t\t\t<\/div>\n\t\t\t\t\t\t<\/div>\n\t\t\t\t<\/div>\n\t\t\t\t<\/div>\n\t\t\t\t<\/div>\n\t\t\t\t<\/div>\n\t\t\t\t\t\t<\/div>\n\t\t\t\t<\/div>\n\t\t\t\t<\/div>\n\t\t<div class=\"elementor-element elementor-element-4f5f7a7 e-flex e-con-boxed e-con e-parent\" data-id=\"4f5f7a7\" data-element_type=\"container\" data-e-type=\"container\">\n\t\t\t\t\t<div class=\"e-con-inner\">\n\t\t<div class=\"elementor-element elementor-element-189b0e72 e-con-full e-flex e-con e-child\" data-id=\"189b0e72\" data-element_type=\"container\" data-e-type=\"container\">\n\t\t\t\t<div class=\"elementor-element elementor-element-3d8dc125 elementor-widget elementor-widget-text-editor\" data-id=\"3d8dc125\" data-element_type=\"widget\" data-e-type=\"widget\" data-widget_type=\"text-editor.default\">\n\t\t\t\t<div class=\"elementor-widget-container\">\n\t\t\t\t\t\t\t\t\t<p><span style=\"font-family: inherit; font-size: 35px; font-style: inherit;\">Quality fish for consumers and businesses<\/span><\/p><article id=\"post-2921\" class=\"post-2921 post type-post status-publish format-standard hentry category-projekt\"><div class=\"inside-article\"><div class=\"entry-content\"><p>At <a href=\"https:\/\/xn--mllefisk-54a.dk\/\">M\u00f8llefisk<\/a>, we pride ourselves on offering fresh seafood that meets the highest standards of quality and taste. With over 35 years of experience in the industry and 20 years at sea with our own ship, we ensure that our customers &#8211; both private and commercial &#8211; always get the best. We offer tailored solutions and expert advice to match your needs.<\/p><h3>Fresh fish and hand-cut delicacies<\/h3><p>We deliver fresh seafood, carefully selected and hand-cut by our skilled staff. Our focus on quality and precision ensures you get products that are ready to impress &#8211; whether it&#8217;s for the home dinner table or the restaurant menu.<\/p><h3>Tailored solutions for home and business<\/h3><p>No two customers are the same, which is why we offer flexible and tailored solutions to suit your needs. As a private customer, you can find a wide selection of fish for every occasion in our store. As a business customer, we offer fixed deliveries, special cuts and solutions tailored to your kitchen and menu.<\/p><h3>Competent advice from passionate employees<\/h3><p>Our employees are more than fishmongers &#8211; they are dedicated experts with a deep passion for fish. We offer advice on everything from fish selection and preparation to storage and presentation to help you get the most out of your purchase.<\/p><h3>Why choose Millfish?<\/h3><ul><li><strong>Tradition and experience:<\/strong> The shop has been around since 1987 and we have been sailing for 20 years with our generation ship.<\/li><li><strong>Quality and freshness:<\/strong> We deliver only the best fish, hand-cut with care.<\/li><li><strong>Flexibility:<\/strong> Tailor-made solutions for both private and commercial customers.<\/li><li><strong>Customer friendly:<\/strong> Fresh and dedicated employees ready to help.<\/li><\/ul><h3>Contact us today<\/h3><p>Want to hear more about what we can offer? At Millfish, we are ready to deliver quality fish and customized solutions to match your needs. Visit our store or <a href=\"https:\/\/xn--mllefisk-54a.dk\/en\/contact-us\/\">contact us<\/a> for a no-obligation chat about your options. Call us on:<a href=\"tel:70262210\"> 70 26 22 10<\/a>.<\/p><\/div><\/div><\/article>\t\t\t\t\t\t\t\t<\/div>\n\t\t\t\t<\/div>\n\t\t\t\t<\/div>\n\t\t<div class=\"elementor-element elementor-element-6a38b953 e-con-full e-flex e-con e-child\" data-id=\"6a38b953\" data-element_type=\"container\" data-e-type=\"container\">\n\t\t\t\t<div class=\"elementor-element elementor-element-40b7cf59 dark elementor-widget elementor-widget-sidebar\" data-id=\"40b7cf59\" data-element_type=\"widget\" data-e-type=\"widget\" data-widget_type=\"sidebar.default\">\n\t\t\t\t<div class=\"elementor-widget-container\">\n\t\t\t\t\t<aside id=\"text-12\" class=\"widget-odd widget-3 widget inner-padding widget_text\"><h2 class=\"widget-title\">Do you want to hear more?<\/h2>\t\t\t<div class=\"textwidget\"><p>Fill out the form and we will contact you as soon as possible.<\/p>\n<\/div>\n\t\t<\/aside><aside id=\"forminator_widget-3\" class=\"widget-even widget-4 widget inner-padding widget_forminator_widget\"><form id=\"forminator-module-10203\" class=\"forminator-custom-form forminator-custom-form-10203\" method=\"post\" data-forminator-render=\"0\" data-uid=\"69d80fe5e23a7\"><div role=\"alert\" aria-live=\"polite\" class=\"forminator-response-message forminator-error\" aria-hidden=\"true\"><\/div><\/form><\/aside>\t\t\t\t<\/div>\n\t\t\t\t<\/div>\n\t\t\t\t<\/div>\n\t\t\t\t\t<\/div>\n\t\t\t\t<\/div>\n\t\t<div class=\"elementor-element elementor-element-3ba02114 e-con-full e-flex e-con e-parent\" data-id=\"3ba02114\" data-element_type=\"container\" data-e-type=\"container\">\n\t\t\t\t<div class=\"elementor-element elementor-element-23949bd9 elementor-widget elementor-widget-gallery\" data-id=\"23949bd9\" data-element_type=\"widget\" data-e-type=\"widget\" data-settings=\"{&quot;columns&quot;:6,&quot;columns_tablet&quot;:3,&quot;columns_mobile&quot;:2,&quot;gap&quot;:{&quot;unit&quot;:&quot;px&quot;,&quot;size&quot;:0,&quot;sizes&quot;:[]},&quot;gap_laptop&quot;:{&quot;unit&quot;:&quot;px&quot;,&quot;size&quot;:0,&quot;sizes&quot;:[]},&quot;gap_tablet&quot;:{&quot;unit&quot;:&quot;px&quot;,&quot;size&quot;:0,&quot;sizes&quot;:[]},&quot;gap_mobile&quot;:{&quot;unit&quot;:&quot;px&quot;,&quot;size&quot;:0,&quot;sizes&quot;:[]},&quot;aspect_ratio&quot;:&quot;1:1&quot;,&quot;lazyload&quot;:&quot;yes&quot;,&quot;gallery_layout&quot;:&quot;grid&quot;,&quot;link_to&quot;:&quot;file&quot;,&quot;content_hover_animation&quot;:&quot;fade-in&quot;}\" data-widget_type=\"gallery.default\">\n\t\t\t\t<div class=\"elementor-widget-container\">\n\t\t\t\t\t\t\t<div class=\"elementor-gallery__container\">\n\t\t\t\t\t\t\t<a class=\"e-gallery-item elementor-gallery-item elementor-animated-content\" href=\"https:\/\/xn--mllefisk-54a.dk\/wp-content\/uploads\/2023\/06\/moellefisk-20.jpg\" data-elementor-open-lightbox=\"yes\" data-elementor-lightbox-slideshow=\"23949bd9\" data-e-action-hash=\"#elementor-action%3Aaction%3Dlightbox%26settings%3DeyJpZCI6MzUyOSwidXJsIjoiaHR0cHM6XC9cL3huLS1tbGxlZmlzay01NGEuZGtcL3dwLWNvbnRlbnRcL3VwbG9hZHNcLzIwMjNcLzA2XC9tb2VsbGVmaXNrLTIwLmpwZyIsInNsaWRlc2hvdyI6IjIzOTQ5YmQ5In0%3D\" data-rel=\"-image-0\" data-rl_title=\"\" data-rl_caption=\"\" title=\"\">\n\t\t\t\t\t<div class=\"e-gallery-image elementor-gallery-item__image\" data-thumbnail=\"https:\/\/xn--mllefisk-54a.dk\/wp-content\/uploads\/2023\/06\/moellefisk-20-281x500.jpg\" data-width=\"281\" data-height=\"500\" aria-label=\"\" role=\"img\" ><\/div>\n\t\t\t\t\t\t\t\t\t\t\t\t\t\t<\/a>\n\t\t\t\t\t\t\t<a class=\"e-gallery-item elementor-gallery-item elementor-animated-content\" href=\"https:\/\/xn--mllefisk-54a.dk\/wp-content\/uploads\/2023\/06\/moellefisk-26.jpg\" data-elementor-open-lightbox=\"yes\" data-elementor-lightbox-slideshow=\"23949bd9\" data-e-action-hash=\"#elementor-action%3Aaction%3Dlightbox%26settings%3DeyJpZCI6MzUxMSwidXJsIjoiaHR0cHM6XC9cL3huLS1tbGxlZmlzay01NGEuZGtcL3dwLWNvbnRlbnRcL3VwbG9hZHNcLzIwMjNcLzA2XC9tb2VsbGVmaXNrLTI2LmpwZyIsInNsaWRlc2hvdyI6IjIzOTQ5YmQ5In0%3D\" data-rel=\"-image-1\" data-rl_title=\"\" data-rl_caption=\"\" title=\"\">\n\t\t\t\t\t<div class=\"e-gallery-image elementor-gallery-item__image\" data-thumbnail=\"https:\/\/xn--mllefisk-54a.dk\/wp-content\/uploads\/2023\/06\/moellefisk-26-500x500.jpg\" data-width=\"500\" data-height=\"500\" aria-label=\"Fiskehandler s\u00e6lger laks n\u00e6r Rander og \u00c5rhus\" role=\"img\" ><\/div>\n\t\t\t\t\t\t\t\t\t\t\t\t\t\t<\/a>\n\t\t\t\t\t\t\t<a class=\"e-gallery-item elementor-gallery-item elementor-animated-content\" href=\"https:\/\/xn--mllefisk-54a.dk\/wp-content\/uploads\/2023\/06\/moellefisk-10.jpg\" data-elementor-open-lightbox=\"yes\" data-elementor-lightbox-slideshow=\"23949bd9\" data-e-action-hash=\"#elementor-action%3Aaction%3Dlightbox%26settings%3DeyJpZCI6MzUyOCwidXJsIjoiaHR0cHM6XC9cL3huLS1tbGxlZmlzay01NGEuZGtcL3dwLWNvbnRlbnRcL3VwbG9hZHNcLzIwMjNcLzA2XC9tb2VsbGVmaXNrLTEwLmpwZyIsInNsaWRlc2hvdyI6IjIzOTQ5YmQ5In0%3D\" data-rel=\"-image-2\" data-rl_title=\"\" data-rl_caption=\"\" title=\"\">\n\t\t\t\t\t<div class=\"e-gallery-image elementor-gallery-item__image\" data-thumbnail=\"https:\/\/xn--mllefisk-54a.dk\/wp-content\/uploads\/2023\/06\/moellefisk-10-306x500.jpg\" data-width=\"306\" data-height=\"500\" aria-label=\"\" role=\"img\" ><\/div>\n\t\t\t\t\t\t\t\t\t\t\t\t\t\t<\/a>\n\t\t\t\t\t\t\t<a class=\"e-gallery-item elementor-gallery-item elementor-animated-content\" href=\"https:\/\/xn--mllefisk-54a.dk\/wp-content\/uploads\/2023\/06\/moellefisk-04.jpg\" data-elementor-open-lightbox=\"yes\" data-elementor-lightbox-slideshow=\"23949bd9\" data-e-action-hash=\"#elementor-action%3Aaction%3Dlightbox%26settings%3DeyJpZCI6MzUxNiwidXJsIjoiaHR0cHM6XC9cL3huLS1tbGxlZmlzay01NGEuZGtcL3dwLWNvbnRlbnRcL3VwbG9hZHNcLzIwMjNcLzA2XC9tb2VsbGVmaXNrLTA0LmpwZyIsInNsaWRlc2hvdyI6IjIzOTQ5YmQ5In0%3D\" data-rel=\"-image-3\" data-rl_title=\"\" data-rl_caption=\"\" title=\"\">\n\t\t\t\t\t<div class=\"e-gallery-image elementor-gallery-item__image\" data-thumbnail=\"https:\/\/xn--mllefisk-54a.dk\/wp-content\/uploads\/2023\/06\/moellefisk-04-500x500.jpg\" data-width=\"500\" data-height=\"500\" aria-label=\"\" role=\"img\" ><\/div>\n\t\t\t\t\t\t\t\t\t\t\t\t\t\t<\/a>\n\t\t\t\t\t\t\t<a class=\"e-gallery-item elementor-gallery-item elementor-animated-content\" href=\"https:\/\/xn--mllefisk-54a.dk\/wp-content\/uploads\/2023\/06\/moellefisk-17.jpg\" data-elementor-open-lightbox=\"yes\" data-elementor-lightbox-slideshow=\"23949bd9\" data-e-action-hash=\"#elementor-action%3Aaction%3Dlightbox%26settings%3DeyJpZCI6MzUwNiwidXJsIjoiaHR0cHM6XC9cL3huLS1tbGxlZmlzay01NGEuZGtcL3dwLWNvbnRlbnRcL3VwbG9hZHNcLzIwMjNcLzA2XC9tb2VsbGVmaXNrLTE3LmpwZyIsInNsaWRlc2hvdyI6IjIzOTQ5YmQ5In0%3D\" data-rel=\"-image-4\" data-rl_title=\"\" data-rl_caption=\"\" title=\"\">\n\t\t\t\t\t<div class=\"e-gallery-image elementor-gallery-item__image\" data-thumbnail=\"https:\/\/xn--mllefisk-54a.dk\/wp-content\/uploads\/2023\/06\/moellefisk-17-500x500.jpg\" data-width=\"500\" data-height=\"500\" aria-label=\"Fiskefiletter hos fiskehandler n\u00e6r \u00c5rhus og Randers\" role=\"img\" ><\/div>\n\t\t\t\t\t\t\t\t\t\t\t\t\t\t<\/a>\n\t\t\t\t\t\t\t<a class=\"e-gallery-item elementor-gallery-item elementor-animated-content\" href=\"https:\/\/xn--mllefisk-54a.dk\/wp-content\/uploads\/2023\/06\/moellefisk-19.jpg\" data-elementor-open-lightbox=\"yes\" data-elementor-lightbox-slideshow=\"23949bd9\" data-e-action-hash=\"#elementor-action%3Aaction%3Dlightbox%26settings%3DeyJpZCI6MzUwOCwidXJsIjoiaHR0cHM6XC9cL3huLS1tbGxlZmlzay01NGEuZGtcL3dwLWNvbnRlbnRcL3VwbG9hZHNcLzIwMjNcLzA2XC9tb2VsbGVmaXNrLTE5LmpwZyIsInNsaWRlc2hvdyI6IjIzOTQ5YmQ5In0%3D\" data-rel=\"-image-5\" data-rl_title=\"\" data-rl_caption=\"\" title=\"\">\n\t\t\t\t\t<div class=\"e-gallery-image elementor-gallery-item__image\" data-thumbnail=\"https:\/\/xn--mllefisk-54a.dk\/wp-content\/uploads\/2023\/06\/moellefisk-19-500x500.jpg\" data-width=\"500\" data-height=\"500\" aria-label=\"Fiskehandler p\u00e5 Djursland fileterer fisk\" role=\"img\" ><\/div>\n\t\t\t\t\t\t\t\t\t\t\t\t\t\t<\/a>\n\t\t\t\t\t<\/div>\n\t\t\t\t\t<\/div>\n\t\t\t\t<\/div>\n\t\t\t\t<\/div>\n\t\t\t\t<\/div>\n\t\t","protected":false},"excerpt":{"rendered":"<p>See our projects here.<\/p>\n","protected":false},"author":5,"featured_media":9744,"parent":0,"menu_order":0,"comment_status":"closed","ping_status":"closed","template":"","meta":{"_acf_changed":false,"footnotes":""},"categories":[],"class_list":["post-10200","page","type-page","status-publish","has-post-thumbnail"],"acf":[],"yoast_head":"<!-- This site is optimized with the Yoast SEO plugin v27.3 - https:\/\/yoast.com\/product\/yoast-seo-wordpress\/ -->\n<title>Services | M\u00f8llefisk &amp; Havnens R\u00f8geri<\/title>\n<meta name=\"robots\" content=\"index, follow, max-snippet:-1, max-image-preview:large, max-video-preview:-1\" \/>\n<link rel=\"canonical\" href=\"https:\/\/xn--mllefisk-54a.dk\/en\/services\/\" \/>\n<meta property=\"og:locale\" content=\"en_US\" \/>\n<meta property=\"og:type\" content=\"article\" \/>\n<meta property=\"og:title\" content=\"Services | M\u00f8llefisk &amp; Havnens R\u00f8geri\" \/>\n<meta property=\"og:description\" content=\"See our projects here.\" \/>\n<meta property=\"og:url\" content=\"https:\/\/xn--mllefisk-54a.dk\/en\/services\/\" \/>\n<meta property=\"og:site_name\" content=\"M\u00f8llefisk &amp; Havnens R\u00f8geri\" \/>\n<meta property=\"article:modified_time\" content=\"2025-06-24T09:23:04+00:00\" \/>\n<meta name=\"twitter:card\" content=\"summary_large_image\" \/>\n<meta name=\"twitter:label1\" content=\"Est. reading time\" \/>\n\t<meta name=\"twitter:data1\" content=\"2 minutes\" \/>\n<script type=\"application\/ld+json\" class=\"yoast-schema-graph\">{\"@context\":\"https:\\\/\\\/schema.org\",\"@graph\":[{\"@type\":\"WebPage\",\"@id\":\"https:\\\/\\\/xn--mllefisk-54a.dk\\\/en\\\/services\\\/\",\"url\":\"https:\\\/\\\/xn--mllefisk-54a.dk\\\/en\\\/services\\\/\",\"name\":\"Services | M\u00f8llefisk &amp; Havnens R\u00f8geri\",\"isPartOf\":{\"@id\":\"https:\\\/\\\/xn--mllefisk-54a.dk\\\/en\\\/#website\"},\"primaryImageOfPage\":{\"@id\":\"https:\\\/\\\/xn--mllefisk-54a.dk\\\/en\\\/services\\\/#primaryimage\"},\"image\":{\"@id\":\"https:\\\/\\\/xn--mllefisk-54a.dk\\\/en\\\/services\\\/#primaryimage\"},\"thumbnailUrl\":\"https:\\\/\\\/xn--mllefisk-54a.dk\\\/wp-content\\\/uploads\\\/2023\\\/06\\\/moellefisk-12.jpg\",\"datePublished\":\"2021-10-08T10:39:16+00:00\",\"dateModified\":\"2025-06-24T09:23:04+00:00\",\"breadcrumb\":{\"@id\":\"https:\\\/\\\/xn--mllefisk-54a.dk\\\/en\\\/services\\\/#breadcrumb\"},\"inLanguage\":\"en-US\",\"potentialAction\":[{\"@type\":\"ReadAction\",\"target\":[\"https:\\\/\\\/xn--mllefisk-54a.dk\\\/en\\\/services\\\/\"]}]},{\"@type\":\"ImageObject\",\"inLanguage\":\"en-US\",\"@id\":\"https:\\\/\\\/xn--mllefisk-54a.dk\\\/en\\\/services\\\/#primaryimage\",\"url\":\"https:\\\/\\\/xn--mllefisk-54a.dk\\\/wp-content\\\/uploads\\\/2023\\\/06\\\/moellefisk-12.jpg\",\"contentUrl\":\"https:\\\/\\\/xn--mllefisk-54a.dk\\\/wp-content\\\/uploads\\\/2023\\\/06\\\/moellefisk-12.jpg\",\"width\":1365,\"height\":2048},{\"@type\":\"BreadcrumbList\",\"@id\":\"https:\\\/\\\/xn--mllefisk-54a.dk\\\/en\\\/services\\\/#breadcrumb\",\"itemListElement\":[{\"@type\":\"ListItem\",\"position\":1,\"name\":\"Forside\",\"item\":\"https:\\\/\\\/xn--mllefisk-54a.dk\\\/en\\\/\"},{\"@type\":\"ListItem\",\"position\":2,\"name\":\"Services\"}]},{\"@type\":\"WebSite\",\"@id\":\"https:\\\/\\\/xn--mllefisk-54a.dk\\\/en\\\/#website\",\"url\":\"https:\\\/\\\/xn--mllefisk-54a.dk\\\/en\\\/\",\"name\":\"M\u00f8llefisk &amp; Havnens R\u00f8geri\",\"description\":\"Din lokale fiskehandler \u2013 frisk fisk og r\u00f8gvarer i h\u00f8j kvalitet\",\"publisher\":{\"@id\":\"https:\\\/\\\/xn--mllefisk-54a.dk\\\/en\\\/#organization\"},\"potentialAction\":[{\"@type\":\"SearchAction\",\"target\":{\"@type\":\"EntryPoint\",\"urlTemplate\":\"https:\\\/\\\/xn--mllefisk-54a.dk\\\/en\\\/?s={search_term_string}\"},\"query-input\":{\"@type\":\"PropertyValueSpecification\",\"valueRequired\":true,\"valueName\":\"search_term_string\"}}],\"inLanguage\":\"en-US\"},{\"@type\":\"Organization\",\"@id\":\"https:\\\/\\\/xn--mllefisk-54a.dk\\\/en\\\/#organization\",\"name\":\"M\u00f8llefisk &amp; Havnens R\u00f8geri\",\"url\":\"https:\\\/\\\/xn--mllefisk-54a.dk\\\/en\\\/\",\"logo\":{\"@type\":\"ImageObject\",\"inLanguage\":\"en-US\",\"@id\":\"https:\\\/\\\/xn--mllefisk-54a.dk\\\/en\\\/#\\\/schema\\\/logo\\\/image\\\/\",\"url\":\"https:\\\/\\\/xn--mllefisk-54a.dk\\\/wp-content\\\/uploads\\\/2022\\\/09\\\/logo-sort2.png\",\"contentUrl\":\"https:\\\/\\\/xn--mllefisk-54a.dk\\\/wp-content\\\/uploads\\\/2022\\\/09\\\/logo-sort2.png\",\"width\":512,\"height\":394,\"caption\":\"M\u00f8llefisk &amp; Havnens R\u00f8geri\"},\"image\":{\"@id\":\"https:\\\/\\\/xn--mllefisk-54a.dk\\\/en\\\/#\\\/schema\\\/logo\\\/image\\\/\"}}]}<\/script>\n<!-- \/ Yoast SEO plugin. -->","yoast_head_json":{"title":"Services | M\u00f8llefisk &amp; Havnens R\u00f8geri","robots":{"index":"index","follow":"follow","max-snippet":"max-snippet:-1","max-image-preview":"max-image-preview:large","max-video-preview":"max-video-preview:-1"},"canonical":"https:\/\/xn--mllefisk-54a.dk\/en\/services\/","og_locale":"en_US","og_type":"article","og_title":"Services | M\u00f8llefisk &amp; Havnens R\u00f8geri","og_description":"See our projects here.","og_url":"https:\/\/xn--mllefisk-54a.dk\/en\/services\/","og_site_name":"M\u00f8llefisk &amp; Havnens R\u00f8geri","article_modified_time":"2025-06-24T09:23:04+00:00","twitter_card":"summary_large_image","twitter_misc":{"Est. reading time":"2 minutes"},"schema":{"@context":"https:\/\/schema.org","@graph":[{"@type":"WebPage","@id":"https:\/\/xn--mllefisk-54a.dk\/en\/services\/","url":"https:\/\/xn--mllefisk-54a.dk\/en\/services\/","name":"Services | M\u00f8llefisk &amp; Havnens R\u00f8geri","isPartOf":{"@id":"https:\/\/xn--mllefisk-54a.dk\/en\/#website"},"primaryImageOfPage":{"@id":"https:\/\/xn--mllefisk-54a.dk\/en\/services\/#primaryimage"},"image":{"@id":"https:\/\/xn--mllefisk-54a.dk\/en\/services\/#primaryimage"},"thumbnailUrl":"https:\/\/xn--mllefisk-54a.dk\/wp-content\/uploads\/2023\/06\/moellefisk-12.jpg","datePublished":"2021-10-08T10:39:16+00:00","dateModified":"2025-06-24T09:23:04+00:00","breadcrumb":{"@id":"https:\/\/xn--mllefisk-54a.dk\/en\/services\/#breadcrumb"},"inLanguage":"en-US","potentialAction":[{"@type":"ReadAction","target":["https:\/\/xn--mllefisk-54a.dk\/en\/services\/"]}]},{"@type":"ImageObject","inLanguage":"en-US","@id":"https:\/\/xn--mllefisk-54a.dk\/en\/services\/#primaryimage","url":"https:\/\/xn--mllefisk-54a.dk\/wp-content\/uploads\/2023\/06\/moellefisk-12.jpg","contentUrl":"https:\/\/xn--mllefisk-54a.dk\/wp-content\/uploads\/2023\/06\/moellefisk-12.jpg","width":1365,"height":2048},{"@type":"BreadcrumbList","@id":"https:\/\/xn--mllefisk-54a.dk\/en\/services\/#breadcrumb","itemListElement":[{"@type":"ListItem","position":1,"name":"Forside","item":"https:\/\/xn--mllefisk-54a.dk\/en\/"},{"@type":"ListItem","position":2,"name":"Services"}]},{"@type":"WebSite","@id":"https:\/\/xn--mllefisk-54a.dk\/en\/#website","url":"https:\/\/xn--mllefisk-54a.dk\/en\/","name":"M\u00f8llefisk &amp; Havnens R\u00f8geri","description":"Din lokale fiskehandler \u2013 frisk fisk og r\u00f8gvarer i h\u00f8j kvalitet","publisher":{"@id":"https:\/\/xn--mllefisk-54a.dk\/en\/#organization"},"potentialAction":[{"@type":"SearchAction","target":{"@type":"EntryPoint","urlTemplate":"https:\/\/xn--mllefisk-54a.dk\/en\/?s={search_term_string}"},"query-input":{"@type":"PropertyValueSpecification","valueRequired":true,"valueName":"search_term_string"}}],"inLanguage":"en-US"},{"@type":"Organization","@id":"https:\/\/xn--mllefisk-54a.dk\/en\/#organization","name":"M\u00f8llefisk &amp; Havnens R\u00f8geri","url":"https:\/\/xn--mllefisk-54a.dk\/en\/","logo":{"@type":"ImageObject","inLanguage":"en-US","@id":"https:\/\/xn--mllefisk-54a.dk\/en\/#\/schema\/logo\/image\/","url":"https:\/\/xn--mllefisk-54a.dk\/wp-content\/uploads\/2022\/09\/logo-sort2.png","contentUrl":"https:\/\/xn--mllefisk-54a.dk\/wp-content\/uploads\/2022\/09\/logo-sort2.png","width":512,"height":394,"caption":"M\u00f8llefisk &amp; Havnens R\u00f8geri"},"image":{"@id":"https:\/\/xn--mllefisk-54a.dk\/en\/#\/schema\/logo\/image\/"}}]}},"_links":{"self":[{"href":"https:\/\/xn--mllefisk-54a.dk\/en\/wp-json\/wp\/v2\/pages\/10200","targetHints":{"allow":["GET"]}}],"collection":[{"href":"https:\/\/xn--mllefisk-54a.dk\/en\/wp-json\/wp\/v2\/pages"}],"about":[{"href":"https:\/\/xn--mllefisk-54a.dk\/en\/wp-json\/wp\/v2\/types\/page"}],"author":[{"embeddable":true,"href":"https:\/\/xn--mllefisk-54a.dk\/en\/wp-json\/wp\/v2\/users\/5"}],"replies":[{"embeddable":true,"href":"https:\/\/xn--mllefisk-54a.dk\/en\/wp-json\/wp\/v2\/comments?post=10200"}],"version-history":[{"count":2,"href":"https:\/\/xn--mllefisk-54a.dk\/en\/wp-json\/wp\/v2\/pages\/10200\/revisions"}],"predecessor-version":[{"id":10202,"href":"https:\/\/xn--mllefisk-54a.dk\/en\/wp-json\/wp\/v2\/pages\/10200\/revisions\/10202"}],"wp:featuredmedia":[{"embeddable":true,"href":"https:\/\/xn--mllefisk-54a.dk\/en\/wp-json\/wp\/v2\/media\/9744"}],"wp:attachment":[{"href":"https:\/\/xn--mllefisk-54a.dk\/en\/wp-json\/wp\/v2\/media?parent=10200"}],"wp:term":[{"taxonomy":"category","embeddable":true,"href":"https:\/\/xn--mllefisk-54a.dk\/en\/wp-json\/wp\/v2\/categories?post=10200"}],"curies":[{"name":"wp","href":"https:\/\/api.w.org\/{rel}","templated":true}]}}