{"id":10142,"date":"2025-03-20T17:15:48","date_gmt":"2025-03-20T16:15:48","guid":{"rendered":"https:\/\/xn--mllefisk-54a.dk\/fish-in-glesborg-freshness-and-quality-in-every-bite\/"},"modified":"2025-06-24T11:21:50","modified_gmt":"2025-06-24T09:21:50","slug":"fish-in-glesborg-freshness-and-quality-in-every-bite","status":"publish","type":"page","link":"https:\/\/xn--mllefisk-54a.dk\/en\/fish-in-glesborg-freshness-and-quality-in-every-bite\/","title":{"rendered":"Fish in Glesborg &#8211; Freshness and Quality in Every Bite"},"content":{"rendered":"\t\t<div data-elementor-type=\"wp-page\" data-elementor-id=\"10142\" class=\"elementor elementor-10142 elementor-3598\" data-elementor-post-type=\"page\">\n\t\t\t\t<div class=\"elementor-element elementor-element-298ea68a e-con-full no-padding e-flex e-con e-parent\" data-id=\"298ea68a\" data-element_type=\"container\" data-e-type=\"container\">\n\t\t\t\t<div class=\"elementor-element elementor-element-5212e52b elementor-widget elementor-widget-template\" data-id=\"5212e52b\" data-element_type=\"widget\" data-e-type=\"widget\" data-widget_type=\"template.default\">\n\t\t\t\t<div class=\"elementor-widget-container\">\n\t\t\t\t\t\t\t<div class=\"elementor-template\">\n\t\t\t\t\t<div data-elementor-type=\"container\" data-elementor-id=\"6563\" class=\"elementor elementor-6563\" data-elementor-post-type=\"elementor_library\">\n\t\t\t\t<div class=\"elementor-element elementor-element-6b499f1f e-con-full no-padding e-flex e-con e-parent\" data-id=\"6b499f1f\" data-element_type=\"container\" data-e-type=\"container\">\n\t\t\t\t<div class=\"elementor-element elementor-element-1ecbb66 elementor-widget elementor-widget-template\" data-id=\"1ecbb66\" data-element_type=\"widget\" data-e-type=\"widget\" data-widget_type=\"template.default\">\n\t\t\t\t<div class=\"elementor-widget-container\">\n\t\t\t\t\t\t\t<div class=\"elementor-template\">\n\t\t\t\t\t<div data-elementor-type=\"container\" data-elementor-id=\"6542\" class=\"elementor elementor-6542\" data-elementor-post-type=\"elementor_library\">\n\t\t\t\t<div class=\"elementor-element elementor-element-2bc4b5ab white e-flex e-con-boxed e-con e-parent\" data-id=\"2bc4b5ab\" data-element_type=\"container\" data-e-type=\"container\" data-settings=\"{&quot;background_background&quot;:&quot;classic&quot;}\">\n\t\t\t\t\t<div class=\"e-con-inner\">\n\t\t\t\t\t<\/div>\n\t\t\t\t<\/div>\n\t\t\t\t<\/div>\n\t\t\t\t<\/div>\n\t\t\t\t\t\t<\/div>\n\t\t\t\t<\/div>\n\t\t\t\t<\/div>\n\t\t\t\t<\/div>\n\t\t\t\t<\/div>\n\t\t\t\t\t\t<\/div>\n\t\t\t\t<\/div>\n\t\t\t\t<\/div>\n\t\t<div class=\"elementor-element elementor-element-5f406d41 e-flex e-con-boxed e-con e-parent\" data-id=\"5f406d41\" data-element_type=\"container\" data-e-type=\"container\">\n\t\t\t\t\t<div class=\"e-con-inner\">\n\t\t<div class=\"elementor-element elementor-element-438bd3f9 e-con-full e-flex e-con e-child\" data-id=\"438bd3f9\" data-element_type=\"container\" data-e-type=\"container\">\n\t\t\t\t<div class=\"elementor-element elementor-element-6383911f elementor-widget elementor-widget-text-editor\" data-id=\"6383911f\" data-element_type=\"widget\" data-e-type=\"widget\" data-widget_type=\"text-editor.default\">\n\t\t\t\t<div class=\"elementor-widget-container\">\n\t\t\t\t\t\t\t\t\t<h2>Experience High Quality Fresh Fish in Glesborg<\/h2><p>At M\u00f8llefisk in Glesborg, we are dedicated to delivering the best fish to our customers. We offer a wide selection of fresh fish that comes straight from the sea and is treated with care and respect for both quality and taste. Whether you live in Glesborg, Grenaa, Kolind or Nimtofte, you can find fresh fish of the highest quality right in your local area.<\/p><h2>Fish with Passion and Quality<\/h2><p>We believe that great fish is the result of passion and dedication. That&#8217;s why we only choose the best fish, which are handled and stored correctly to ensure their freshness and taste. At M\u00f8llefisk, you don&#8217;t just get fish &#8211; you get an experience where quality is paramount. Our selection ranges from the classic cod to the more exotic fish, so there&#8217;s something for everyone.<\/p><h2>Fish in Glesborg, Grenaa, Kolind and Nimtofte &#8211; Close to You<\/h2><p>Our goal is to make it easy for you to access fresh fish wherever you live. That&#8217;s why we offer you the option to visit our store in Glesborg and get fish directly from our counters, or if you live in Grenaa, Kolind or Nimtofte, you can have your fish delivered directly to your door. That way you can get the very best fish without any hassle.<\/p><h2>World-class Customer Service and Advice<\/h2><p>We take great pride in giving our customers the best experience. Our staff are fish experts and are always ready to help you choose the right fish for your meal. We offer advice on both storage and preparation to help you get the most out of your fish.<\/p><h2>Contact M\u00f8llefisk in Glesborg<\/h2><p>Are you ready to get fresh fish of the highest quality? Visit our store in Glesborg or contact us to have your fish delivered directly to your door. We look forward to sharing our passion for fish with you!<\/p>\t\t\t\t\t\t\t\t<\/div>\n\t\t\t\t<\/div>\n\t\t\t\t<\/div>\n\t\t<div class=\"elementor-element elementor-element-1a92bb92 e-con-full e-flex e-con e-child\" data-id=\"1a92bb92\" data-element_type=\"container\" data-e-type=\"container\">\n\t\t\t\t<div class=\"elementor-element elementor-element-603d3a11 dark elementor-widget elementor-widget-sidebar\" data-id=\"603d3a11\" data-element_type=\"widget\" data-e-type=\"widget\" data-widget_type=\"sidebar.default\">\n\t\t\t\t<div class=\"elementor-widget-container\">\n\t\t\t\t\t<aside id=\"text-12\" class=\"widget-odd widget-3 widget inner-padding widget_text\"><h2 class=\"widget-title\">Do you want to hear more?<\/h2>\t\t\t<div class=\"textwidget\"><p>Fill out the form and we will contact you as soon as possible.<\/p>\n<\/div>\n\t\t<\/aside><aside id=\"forminator_widget-3\" class=\"widget-even widget-4 widget inner-padding widget_forminator_widget\"><form id=\"forminator-module-10203\" class=\"forminator-custom-form forminator-custom-form-10203\" method=\"post\" data-forminator-render=\"0\" data-uid=\"69d7ed7f4209c\"><div role=\"alert\" aria-live=\"polite\" class=\"forminator-response-message forminator-error\" aria-hidden=\"true\"><\/div><\/form><\/aside>\t\t\t\t<\/div>\n\t\t\t\t<\/div>\n\t\t\t\t<\/div>\n\t\t\t\t\t<\/div>\n\t\t\t\t<\/div>\n\t\t<div class=\"elementor-element elementor-element-555b2de7 e-con-full e-flex e-con e-parent\" data-id=\"555b2de7\" data-element_type=\"container\" data-e-type=\"container\">\n\t\t\t\t<div class=\"elementor-element elementor-element-53bbf7c8 elementor-widget elementor-widget-gallery\" data-id=\"53bbf7c8\" data-element_type=\"widget\" data-e-type=\"widget\" data-settings=\"{&quot;columns&quot;:6,&quot;columns_tablet&quot;:3,&quot;columns_mobile&quot;:2,&quot;gap&quot;:{&quot;unit&quot;:&quot;px&quot;,&quot;size&quot;:0,&quot;sizes&quot;:[]},&quot;gap_laptop&quot;:{&quot;unit&quot;:&quot;px&quot;,&quot;size&quot;:0,&quot;sizes&quot;:[]},&quot;gap_tablet&quot;:{&quot;unit&quot;:&quot;px&quot;,&quot;size&quot;:0,&quot;sizes&quot;:[]},&quot;gap_mobile&quot;:{&quot;unit&quot;:&quot;px&quot;,&quot;size&quot;:0,&quot;sizes&quot;:[]},&quot;aspect_ratio&quot;:&quot;1:1&quot;,&quot;lazyload&quot;:&quot;yes&quot;,&quot;gallery_layout&quot;:&quot;grid&quot;,&quot;link_to&quot;:&quot;file&quot;,&quot;content_hover_animation&quot;:&quot;fade-in&quot;}\" data-widget_type=\"gallery.default\">\n\t\t\t\t<div class=\"elementor-widget-container\">\n\t\t\t\t\t\t\t<div class=\"elementor-gallery__container\">\n\t\t\t\t\t\t\t<a class=\"e-gallery-item elementor-gallery-item elementor-animated-content\" href=\"https:\/\/xn--mllefisk-54a.dk\/wp-content\/uploads\/2023\/06\/moellefisk-21.jpg\" data-elementor-open-lightbox=\"yes\" data-elementor-lightbox-slideshow=\"53bbf7c8\" data-e-action-hash=\"#elementor-action%3Aaction%3Dlightbox%26settings%3DeyJpZCI6MzUzMCwidXJsIjoiaHR0cHM6XC9cL3huLS1tbGxlZmlzay01NGEuZGtcL3dwLWNvbnRlbnRcL3VwbG9hZHNcLzIwMjNcLzA2XC9tb2VsbGVmaXNrLTIxLmpwZyIsInNsaWRlc2hvdyI6IjUzYmJmN2M4In0%3D\" data-rel=\"-image-0\" data-rl_title=\"\" data-rl_caption=\"\" title=\"\">\n\t\t\t\t\t<div class=\"e-gallery-image elementor-gallery-item__image\" data-thumbnail=\"https:\/\/xn--mllefisk-54a.dk\/wp-content\/uploads\/2023\/06\/moellefisk-21-333x500.jpg\" data-width=\"333\" data-height=\"500\" aria-label=\"\" role=\"img\" ><\/div>\n\t\t\t\t\t\t\t\t\t\t\t\t\t\t<\/a>\n\t\t\t\t\t\t\t<a class=\"e-gallery-item elementor-gallery-item elementor-animated-content\" href=\"https:\/\/xn--mllefisk-54a.dk\/wp-content\/uploads\/2023\/06\/moellefisk-16.jpg\" data-elementor-open-lightbox=\"yes\" data-elementor-lightbox-slideshow=\"53bbf7c8\" data-e-action-hash=\"#elementor-action%3Aaction%3Dlightbox%26settings%3DeyJpZCI6MzUwNSwidXJsIjoiaHR0cHM6XC9cL3huLS1tbGxlZmlzay01NGEuZGtcL3dwLWNvbnRlbnRcL3VwbG9hZHNcLzIwMjNcLzA2XC9tb2VsbGVmaXNrLTE2LmpwZyIsInNsaWRlc2hvdyI6IjUzYmJmN2M4In0%3D\" data-rel=\"-image-1\" data-rl_title=\"\" data-rl_caption=\"\" title=\"\">\n\t\t\t\t\t<div class=\"e-gallery-image elementor-gallery-item__image\" data-thumbnail=\"https:\/\/xn--mllefisk-54a.dk\/wp-content\/uploads\/2023\/06\/moellefisk-16-500x500.jpg\" data-width=\"500\" data-height=\"500\" aria-label=\"\" role=\"img\" ><\/div>\n\t\t\t\t\t\t\t\t\t\t\t\t\t\t<\/a>\n\t\t\t\t\t\t\t<a class=\"e-gallery-item elementor-gallery-item elementor-animated-content\" href=\"https:\/\/xn--mllefisk-54a.dk\/wp-content\/uploads\/2023\/06\/moellefisk-25.jpg\" data-elementor-open-lightbox=\"yes\" data-elementor-lightbox-slideshow=\"53bbf7c8\" data-e-action-hash=\"#elementor-action%3Aaction%3Dlightbox%26settings%3DeyJpZCI6MzUxMCwidXJsIjoiaHR0cHM6XC9cL3huLS1tbGxlZmlzay01NGEuZGtcL3dwLWNvbnRlbnRcL3VwbG9hZHNcLzIwMjNcLzA2XC9tb2VsbGVmaXNrLTI1LmpwZyIsInNsaWRlc2hvdyI6IjUzYmJmN2M4In0%3D\" data-rel=\"-image-2\" data-rl_title=\"\" data-rl_caption=\"\" title=\"\">\n\t\t\t\t\t<div class=\"e-gallery-image elementor-gallery-item__image\" data-thumbnail=\"https:\/\/xn--mllefisk-54a.dk\/wp-content\/uploads\/2023\/06\/moellefisk-25-281x500.jpg\" data-width=\"281\" data-height=\"500\" aria-label=\"\" role=\"img\" ><\/div>\n\t\t\t\t\t\t\t\t\t\t\t\t\t\t<\/a>\n\t\t\t\t\t\t\t<a class=\"e-gallery-item elementor-gallery-item elementor-animated-content\" href=\"https:\/\/xn--mllefisk-54a.dk\/wp-content\/uploads\/2023\/06\/moellefisk-19.jpg\" data-elementor-open-lightbox=\"yes\" data-elementor-lightbox-slideshow=\"53bbf7c8\" data-e-action-hash=\"#elementor-action%3Aaction%3Dlightbox%26settings%3DeyJpZCI6MzUwOCwidXJsIjoiaHR0cHM6XC9cL3huLS1tbGxlZmlzay01NGEuZGtcL3dwLWNvbnRlbnRcL3VwbG9hZHNcLzIwMjNcLzA2XC9tb2VsbGVmaXNrLTE5LmpwZyIsInNsaWRlc2hvdyI6IjUzYmJmN2M4In0%3D\" data-rel=\"-image-3\" data-rl_title=\"\" data-rl_caption=\"\" title=\"\">\n\t\t\t\t\t<div class=\"e-gallery-image elementor-gallery-item__image\" data-thumbnail=\"https:\/\/xn--mllefisk-54a.dk\/wp-content\/uploads\/2023\/06\/moellefisk-19-500x500.jpg\" data-width=\"500\" data-height=\"500\" aria-label=\"Fiskehandler p\u00e5 Djursland fileterer fisk\" role=\"img\" ><\/div>\n\t\t\t\t\t\t\t\t\t\t\t\t\t\t<\/a>\n\t\t\t\t\t\t\t<a class=\"e-gallery-item elementor-gallery-item elementor-animated-content\" href=\"https:\/\/xn--mllefisk-54a.dk\/wp-content\/uploads\/2023\/06\/moellefisk-18.jpg\" data-elementor-open-lightbox=\"yes\" data-elementor-lightbox-slideshow=\"53bbf7c8\" data-e-action-hash=\"#elementor-action%3Aaction%3Dlightbox%26settings%3DeyJpZCI6MzUwNywidXJsIjoiaHR0cHM6XC9cL3huLS1tbGxlZmlzay01NGEuZGtcL3dwLWNvbnRlbnRcL3VwbG9hZHNcLzIwMjNcLzA2XC9tb2VsbGVmaXNrLTE4LmpwZyIsInNsaWRlc2hvdyI6IjUzYmJmN2M4In0%3D\" data-rel=\"-image-4\" data-rl_title=\"\" data-rl_caption=\"\" title=\"\">\n\t\t\t\t\t<div class=\"e-gallery-image elementor-gallery-item__image\" data-thumbnail=\"https:\/\/xn--mllefisk-54a.dk\/wp-content\/uploads\/2023\/06\/moellefisk-18-500x500.jpg\" data-width=\"500\" data-height=\"500\" aria-label=\"Fiskehandler p\u00e5 Djursland udsk\u00e6rer laks\" role=\"img\" ><\/div>\n\t\t\t\t\t\t\t\t\t\t\t\t\t\t<\/a>\n\t\t\t\t\t\t\t<a class=\"e-gallery-item elementor-gallery-item elementor-animated-content\" href=\"https:\/\/xn--mllefisk-54a.dk\/wp-content\/uploads\/2023\/06\/moellefisk-13.jpg\" data-elementor-open-lightbox=\"yes\" data-elementor-lightbox-slideshow=\"53bbf7c8\" data-e-action-hash=\"#elementor-action%3Aaction%3Dlightbox%26settings%3DeyJpZCI6MzUwMywidXJsIjoiaHR0cHM6XC9cL3huLS1tbGxlZmlzay01NGEuZGtcL3dwLWNvbnRlbnRcL3VwbG9hZHNcLzIwMjNcLzA2XC9tb2VsbGVmaXNrLTEzLmpwZyIsInNsaWRlc2hvdyI6IjUzYmJmN2M4In0%3D\" data-rel=\"-image-5\" data-rl_title=\"\" data-rl_caption=\"\" title=\"\">\n\t\t\t\t\t<div class=\"e-gallery-image elementor-gallery-item__image\" data-thumbnail=\"https:\/\/xn--mllefisk-54a.dk\/wp-content\/uploads\/2023\/06\/moellefisk-13-500x500.jpg\" data-width=\"500\" data-height=\"500\" aria-label=\"Fiskehandler p\u00e5 Djursland s\u00e6lger fisk\" role=\"img\" ><\/div>\n\t\t\t\t\t\t\t\t\t\t\t\t\t\t<\/a>\n\t\t\t\t\t<\/div>\n\t\t\t\t\t<\/div>\n\t\t\t\t<\/div>\n\t\t\t\t<\/div>\n\t\t\t\t<\/div>\n\t\t","protected":false},"excerpt":{"rendered":"<p>Experience High Quality Fresh Fish in Glesborg At M\u00f8llefisk in Glesborg, we are dedicated to delivering the best fish to our customers. We offer a wide selection of fresh fish that comes straight from the sea and is treated with care and respect for both quality and taste. Whether you live in Glesborg, Grenaa, Kolind &#8230; <a title=\"Fish in Glesborg &#8211; Freshness and Quality in Every Bite\" class=\"read-more\" href=\"https:\/\/xn--mllefisk-54a.dk\/en\/fish-in-glesborg-freshness-and-quality-in-every-bite\/\" aria-label=\"Read more about Fish in Glesborg &#8211; Freshness and Quality in Every Bite\">Read more<\/a><\/p>\n","protected":false},"author":5,"featured_media":9734,"parent":0,"menu_order":0,"comment_status":"closed","ping_status":"closed","template":"","meta":{"_acf_changed":false,"footnotes":""},"categories":[],"class_list":["post-10142","page","type-page","status-publish","has-post-thumbnail"],"acf":[],"yoast_head":"<!-- This site is optimized with the Yoast SEO plugin v27.3 - https:\/\/yoast.com\/product\/yoast-seo-wordpress\/ -->\n<title>Fish in Glesborg - Freshness and Quality in Every Bite | M\u00f8llefisk &amp; Havnens R\u00f8geri<\/title>\n<meta name=\"robots\" content=\"index, follow, max-snippet:-1, max-image-preview:large, max-video-preview:-1\" \/>\n<link rel=\"canonical\" href=\"https:\/\/xn--mllefisk-54a.dk\/en\/fish-in-glesborg-freshness-and-quality-in-every-bite\/\" \/>\n<meta property=\"og:locale\" content=\"en_US\" \/>\n<meta property=\"og:type\" content=\"article\" \/>\n<meta property=\"og:title\" content=\"Fish in Glesborg - Freshness and Quality in Every Bite | M\u00f8llefisk &amp; Havnens R\u00f8geri\" \/>\n<meta property=\"og:description\" content=\"Experience High Quality Fresh Fish in Glesborg At M\u00f8llefisk in Glesborg, we are dedicated to delivering the best fish to our customers. We offer a wide selection of fresh fish that comes straight from the sea and is treated with care and respect for both quality and taste. Whether you live in Glesborg, Grenaa, Kolind ... Read more\" \/>\n<meta property=\"og:url\" content=\"https:\/\/xn--mllefisk-54a.dk\/en\/fish-in-glesborg-freshness-and-quality-in-every-bite\/\" \/>\n<meta property=\"og:site_name\" content=\"M\u00f8llefisk &amp; Havnens R\u00f8geri\" \/>\n<meta property=\"article:modified_time\" content=\"2025-06-24T09:21:50+00:00\" \/>\n<meta property=\"og:image\" content=\"https:\/\/xn--mllefisk-54a.dk\/wp-content\/uploads\/2023\/06\/moellefisk-06.jpg\" \/>\n\t<meta property=\"og:image:width\" content=\"2048\" \/>\n\t<meta property=\"og:image:height\" content=\"2048\" \/>\n\t<meta property=\"og:image:type\" content=\"image\/jpeg\" \/>\n<meta name=\"twitter:card\" content=\"summary_large_image\" \/>\n<meta name=\"twitter:label1\" content=\"Est. reading time\" \/>\n\t<meta name=\"twitter:data1\" content=\"2 minutes\" \/>\n<script type=\"application\/ld+json\" class=\"yoast-schema-graph\">{\"@context\":\"https:\\\/\\\/schema.org\",\"@graph\":[{\"@type\":\"WebPage\",\"@id\":\"https:\\\/\\\/xn--mllefisk-54a.dk\\\/en\\\/fish-in-glesborg-freshness-and-quality-in-every-bite\\\/\",\"url\":\"https:\\\/\\\/xn--mllefisk-54a.dk\\\/en\\\/fish-in-glesborg-freshness-and-quality-in-every-bite\\\/\",\"name\":\"Fish in Glesborg - Freshness and Quality in Every Bite | M\u00f8llefisk &amp; Havnens R\u00f8geri\",\"isPartOf\":{\"@id\":\"https:\\\/\\\/xn--mllefisk-54a.dk\\\/en\\\/#website\"},\"primaryImageOfPage\":{\"@id\":\"https:\\\/\\\/xn--mllefisk-54a.dk\\\/en\\\/fish-in-glesborg-freshness-and-quality-in-every-bite\\\/#primaryimage\"},\"image\":{\"@id\":\"https:\\\/\\\/xn--mllefisk-54a.dk\\\/en\\\/fish-in-glesborg-freshness-and-quality-in-every-bite\\\/#primaryimage\"},\"thumbnailUrl\":\"https:\\\/\\\/xn--mllefisk-54a.dk\\\/wp-content\\\/uploads\\\/2023\\\/06\\\/moellefisk-06.jpg\",\"datePublished\":\"2025-03-20T16:15:48+00:00\",\"dateModified\":\"2025-06-24T09:21:50+00:00\",\"breadcrumb\":{\"@id\":\"https:\\\/\\\/xn--mllefisk-54a.dk\\\/en\\\/fish-in-glesborg-freshness-and-quality-in-every-bite\\\/#breadcrumb\"},\"inLanguage\":\"en-US\",\"potentialAction\":[{\"@type\":\"ReadAction\",\"target\":[\"https:\\\/\\\/xn--mllefisk-54a.dk\\\/en\\\/fish-in-glesborg-freshness-and-quality-in-every-bite\\\/\"]}]},{\"@type\":\"ImageObject\",\"inLanguage\":\"en-US\",\"@id\":\"https:\\\/\\\/xn--mllefisk-54a.dk\\\/en\\\/fish-in-glesborg-freshness-and-quality-in-every-bite\\\/#primaryimage\",\"url\":\"https:\\\/\\\/xn--mllefisk-54a.dk\\\/wp-content\\\/uploads\\\/2023\\\/06\\\/moellefisk-06.jpg\",\"contentUrl\":\"https:\\\/\\\/xn--mllefisk-54a.dk\\\/wp-content\\\/uploads\\\/2023\\\/06\\\/moellefisk-06.jpg\",\"width\":2048,\"height\":2048},{\"@type\":\"BreadcrumbList\",\"@id\":\"https:\\\/\\\/xn--mllefisk-54a.dk\\\/en\\\/fish-in-glesborg-freshness-and-quality-in-every-bite\\\/#breadcrumb\",\"itemListElement\":[{\"@type\":\"ListItem\",\"position\":1,\"name\":\"Forside\",\"item\":\"https:\\\/\\\/xn--mllefisk-54a.dk\\\/en\\\/\"},{\"@type\":\"ListItem\",\"position\":2,\"name\":\"Fish in Glesborg &#8211; Freshness and Quality in Every Bite\"}]},{\"@type\":\"WebSite\",\"@id\":\"https:\\\/\\\/xn--mllefisk-54a.dk\\\/en\\\/#website\",\"url\":\"https:\\\/\\\/xn--mllefisk-54a.dk\\\/en\\\/\",\"name\":\"M\u00f8llefisk &amp; Havnens R\u00f8geri\",\"description\":\"Din lokale fiskehandler \u2013 frisk fisk og r\u00f8gvarer i h\u00f8j kvalitet\",\"publisher\":{\"@id\":\"https:\\\/\\\/xn--mllefisk-54a.dk\\\/en\\\/#organization\"},\"potentialAction\":[{\"@type\":\"SearchAction\",\"target\":{\"@type\":\"EntryPoint\",\"urlTemplate\":\"https:\\\/\\\/xn--mllefisk-54a.dk\\\/en\\\/?s={search_term_string}\"},\"query-input\":{\"@type\":\"PropertyValueSpecification\",\"valueRequired\":true,\"valueName\":\"search_term_string\"}}],\"inLanguage\":\"en-US\"},{\"@type\":\"Organization\",\"@id\":\"https:\\\/\\\/xn--mllefisk-54a.dk\\\/en\\\/#organization\",\"name\":\"M\u00f8llefisk &amp; Havnens R\u00f8geri\",\"url\":\"https:\\\/\\\/xn--mllefisk-54a.dk\\\/en\\\/\",\"logo\":{\"@type\":\"ImageObject\",\"inLanguage\":\"en-US\",\"@id\":\"https:\\\/\\\/xn--mllefisk-54a.dk\\\/en\\\/#\\\/schema\\\/logo\\\/image\\\/\",\"url\":\"https:\\\/\\\/xn--mllefisk-54a.dk\\\/wp-content\\\/uploads\\\/2022\\\/09\\\/logo-sort2.png\",\"contentUrl\":\"https:\\\/\\\/xn--mllefisk-54a.dk\\\/wp-content\\\/uploads\\\/2022\\\/09\\\/logo-sort2.png\",\"width\":512,\"height\":394,\"caption\":\"M\u00f8llefisk &amp; Havnens R\u00f8geri\"},\"image\":{\"@id\":\"https:\\\/\\\/xn--mllefisk-54a.dk\\\/en\\\/#\\\/schema\\\/logo\\\/image\\\/\"}}]}<\/script>\n<!-- \/ Yoast SEO plugin. -->","yoast_head_json":{"title":"Fish in Glesborg - Freshness and Quality in Every Bite | M\u00f8llefisk &amp; Havnens R\u00f8geri","robots":{"index":"index","follow":"follow","max-snippet":"max-snippet:-1","max-image-preview":"max-image-preview:large","max-video-preview":"max-video-preview:-1"},"canonical":"https:\/\/xn--mllefisk-54a.dk\/en\/fish-in-glesborg-freshness-and-quality-in-every-bite\/","og_locale":"en_US","og_type":"article","og_title":"Fish in Glesborg - Freshness and Quality in Every Bite | M\u00f8llefisk &amp; Havnens R\u00f8geri","og_description":"Experience High Quality Fresh Fish in Glesborg At M\u00f8llefisk in Glesborg, we are dedicated to delivering the best fish to our customers. We offer a wide selection of fresh fish that comes straight from the sea and is treated with care and respect for both quality and taste. Whether you live in Glesborg, Grenaa, Kolind ... Read more","og_url":"https:\/\/xn--mllefisk-54a.dk\/en\/fish-in-glesborg-freshness-and-quality-in-every-bite\/","og_site_name":"M\u00f8llefisk &amp; Havnens R\u00f8geri","article_modified_time":"2025-06-24T09:21:50+00:00","og_image":[{"width":2048,"height":2048,"url":"https:\/\/xn--mllefisk-54a.dk\/wp-content\/uploads\/2023\/06\/moellefisk-06.jpg","type":"image\/jpeg"}],"twitter_card":"summary_large_image","twitter_misc":{"Est. reading time":"2 minutes"},"schema":{"@context":"https:\/\/schema.org","@graph":[{"@type":"WebPage","@id":"https:\/\/xn--mllefisk-54a.dk\/en\/fish-in-glesborg-freshness-and-quality-in-every-bite\/","url":"https:\/\/xn--mllefisk-54a.dk\/en\/fish-in-glesborg-freshness-and-quality-in-every-bite\/","name":"Fish in Glesborg - Freshness and Quality in Every Bite | M\u00f8llefisk &amp; Havnens R\u00f8geri","isPartOf":{"@id":"https:\/\/xn--mllefisk-54a.dk\/en\/#website"},"primaryImageOfPage":{"@id":"https:\/\/xn--mllefisk-54a.dk\/en\/fish-in-glesborg-freshness-and-quality-in-every-bite\/#primaryimage"},"image":{"@id":"https:\/\/xn--mllefisk-54a.dk\/en\/fish-in-glesborg-freshness-and-quality-in-every-bite\/#primaryimage"},"thumbnailUrl":"https:\/\/xn--mllefisk-54a.dk\/wp-content\/uploads\/2023\/06\/moellefisk-06.jpg","datePublished":"2025-03-20T16:15:48+00:00","dateModified":"2025-06-24T09:21:50+00:00","breadcrumb":{"@id":"https:\/\/xn--mllefisk-54a.dk\/en\/fish-in-glesborg-freshness-and-quality-in-every-bite\/#breadcrumb"},"inLanguage":"en-US","potentialAction":[{"@type":"ReadAction","target":["https:\/\/xn--mllefisk-54a.dk\/en\/fish-in-glesborg-freshness-and-quality-in-every-bite\/"]}]},{"@type":"ImageObject","inLanguage":"en-US","@id":"https:\/\/xn--mllefisk-54a.dk\/en\/fish-in-glesborg-freshness-and-quality-in-every-bite\/#primaryimage","url":"https:\/\/xn--mllefisk-54a.dk\/wp-content\/uploads\/2023\/06\/moellefisk-06.jpg","contentUrl":"https:\/\/xn--mllefisk-54a.dk\/wp-content\/uploads\/2023\/06\/moellefisk-06.jpg","width":2048,"height":2048},{"@type":"BreadcrumbList","@id":"https:\/\/xn--mllefisk-54a.dk\/en\/fish-in-glesborg-freshness-and-quality-in-every-bite\/#breadcrumb","itemListElement":[{"@type":"ListItem","position":1,"name":"Forside","item":"https:\/\/xn--mllefisk-54a.dk\/en\/"},{"@type":"ListItem","position":2,"name":"Fish in Glesborg &#8211; Freshness and Quality in Every Bite"}]},{"@type":"WebSite","@id":"https:\/\/xn--mllefisk-54a.dk\/en\/#website","url":"https:\/\/xn--mllefisk-54a.dk\/en\/","name":"M\u00f8llefisk &amp; Havnens R\u00f8geri","description":"Din lokale fiskehandler \u2013 frisk fisk og r\u00f8gvarer i h\u00f8j kvalitet","publisher":{"@id":"https:\/\/xn--mllefisk-54a.dk\/en\/#organization"},"potentialAction":[{"@type":"SearchAction","target":{"@type":"EntryPoint","urlTemplate":"https:\/\/xn--mllefisk-54a.dk\/en\/?s={search_term_string}"},"query-input":{"@type":"PropertyValueSpecification","valueRequired":true,"valueName":"search_term_string"}}],"inLanguage":"en-US"},{"@type":"Organization","@id":"https:\/\/xn--mllefisk-54a.dk\/en\/#organization","name":"M\u00f8llefisk &amp; Havnens R\u00f8geri","url":"https:\/\/xn--mllefisk-54a.dk\/en\/","logo":{"@type":"ImageObject","inLanguage":"en-US","@id":"https:\/\/xn--mllefisk-54a.dk\/en\/#\/schema\/logo\/image\/","url":"https:\/\/xn--mllefisk-54a.dk\/wp-content\/uploads\/2022\/09\/logo-sort2.png","contentUrl":"https:\/\/xn--mllefisk-54a.dk\/wp-content\/uploads\/2022\/09\/logo-sort2.png","width":512,"height":394,"caption":"M\u00f8llefisk &amp; Havnens R\u00f8geri"},"image":{"@id":"https:\/\/xn--mllefisk-54a.dk\/en\/#\/schema\/logo\/image\/"}}]}},"_links":{"self":[{"href":"https:\/\/xn--mllefisk-54a.dk\/en\/wp-json\/wp\/v2\/pages\/10142","targetHints":{"allow":["GET"]}}],"collection":[{"href":"https:\/\/xn--mllefisk-54a.dk\/en\/wp-json\/wp\/v2\/pages"}],"about":[{"href":"https:\/\/xn--mllefisk-54a.dk\/en\/wp-json\/wp\/v2\/types\/page"}],"author":[{"embeddable":true,"href":"https:\/\/xn--mllefisk-54a.dk\/en\/wp-json\/wp\/v2\/users\/5"}],"replies":[{"embeddable":true,"href":"https:\/\/xn--mllefisk-54a.dk\/en\/wp-json\/wp\/v2\/comments?post=10142"}],"version-history":[{"count":4,"href":"https:\/\/xn--mllefisk-54a.dk\/en\/wp-json\/wp\/v2\/pages\/10142\/revisions"}],"predecessor-version":[{"id":10166,"href":"https:\/\/xn--mllefisk-54a.dk\/en\/wp-json\/wp\/v2\/pages\/10142\/revisions\/10166"}],"wp:featuredmedia":[{"embeddable":true,"href":"https:\/\/xn--mllefisk-54a.dk\/en\/wp-json\/wp\/v2\/media\/9734"}],"wp:attachment":[{"href":"https:\/\/xn--mllefisk-54a.dk\/en\/wp-json\/wp\/v2\/media?parent=10142"}],"wp:term":[{"taxonomy":"category","embeddable":true,"href":"https:\/\/xn--mllefisk-54a.dk\/en\/wp-json\/wp\/v2\/categories?post=10142"}],"curies":[{"name":"wp","href":"https:\/\/api.w.org\/{rel}","templated":true}]}}