{"id":10173,"date":"2021-10-08T12:39:16","date_gmt":"2021-10-08T10:39:16","guid":{"rendered":"https:\/\/xn--mllefisk-54a.dk\/dienstleistungen\/"},"modified":"2025-06-24T11:21:59","modified_gmt":"2025-06-24T09:21:59","slug":"dienstleistungen","status":"publish","type":"page","link":"https:\/\/xn--mllefisk-54a.dk\/de\/dienstleistungen\/","title":{"rendered":"Dienstleistungen"},"content":{"rendered":"\t\t<div data-elementor-type=\"wp-page\" data-elementor-id=\"10173\" class=\"elementor elementor-10173 elementor-2940\" data-elementor-post-type=\"page\">\n\t\t\t\t<div class=\"elementor-element elementor-element-6f32f6a4 e-con-full no-padding e-flex e-con e-parent\" data-id=\"6f32f6a4\" data-element_type=\"container\" data-e-type=\"container\">\n\t\t\t\t<div class=\"elementor-element elementor-element-2df1329b elementor-widget elementor-widget-template\" data-id=\"2df1329b\" data-element_type=\"widget\" data-e-type=\"widget\" data-widget_type=\"template.default\">\n\t\t\t\t<div class=\"elementor-widget-container\">\n\t\t\t\t\t\t\t<div class=\"elementor-template\">\n\t\t\t\t\t<div data-elementor-type=\"container\" data-elementor-id=\"6563\" class=\"elementor elementor-6563\" data-elementor-post-type=\"elementor_library\">\n\t\t\t\t<div class=\"elementor-element elementor-element-6b499f1f e-con-full no-padding e-flex e-con e-parent\" data-id=\"6b499f1f\" data-element_type=\"container\" data-e-type=\"container\">\n\t\t\t\t<div class=\"elementor-element elementor-element-1ecbb66 elementor-widget elementor-widget-template\" data-id=\"1ecbb66\" data-element_type=\"widget\" data-e-type=\"widget\" data-widget_type=\"template.default\">\n\t\t\t\t<div class=\"elementor-widget-container\">\n\t\t\t\t\t\t\t<div class=\"elementor-template\">\n\t\t\t\t\t<div data-elementor-type=\"container\" data-elementor-id=\"6542\" class=\"elementor elementor-6542\" data-elementor-post-type=\"elementor_library\">\n\t\t\t\t<div class=\"elementor-element elementor-element-2bc4b5ab white e-flex e-con-boxed e-con e-parent\" data-id=\"2bc4b5ab\" data-element_type=\"container\" data-e-type=\"container\" data-settings=\"{&quot;background_background&quot;:&quot;classic&quot;}\">\n\t\t\t\t\t<div class=\"e-con-inner\">\n\t\t\t\t\t<\/div>\n\t\t\t\t<\/div>\n\t\t\t\t<\/div>\n\t\t\t\t<\/div>\n\t\t\t\t\t\t<\/div>\n\t\t\t\t<\/div>\n\t\t\t\t<\/div>\n\t\t\t\t<\/div>\n\t\t\t\t<\/div>\n\t\t\t\t\t\t<\/div>\n\t\t\t\t<\/div>\n\t\t\t\t<\/div>\n\t\t<div class=\"elementor-element elementor-element-4f5f7a7 e-flex e-con-boxed e-con e-parent\" data-id=\"4f5f7a7\" data-element_type=\"container\" data-e-type=\"container\">\n\t\t\t\t\t<div class=\"e-con-inner\">\n\t\t<div class=\"elementor-element elementor-element-189b0e72 e-con-full e-flex e-con e-child\" data-id=\"189b0e72\" data-element_type=\"container\" data-e-type=\"container\">\n\t\t\t\t<div class=\"elementor-element elementor-element-3d8dc125 elementor-widget elementor-widget-text-editor\" data-id=\"3d8dc125\" data-element_type=\"widget\" data-e-type=\"widget\" data-widget_type=\"text-editor.default\">\n\t\t\t\t<div class=\"elementor-widget-container\">\n\t\t\t\t\t\t\t\t\t<p><span style=\"font-family: inherit; font-size: 35px; font-style: inherit;\">Qualit\u00e4tsfisch f\u00fcr Verbraucher und Unternehmen<\/span><\/p><article id=\"post-2921\" class=\"post-2921 post type-post status-publish format-standard hentry category-projekt\"><div class=\"inside-article\"><div class=\"entry-content\"><p>Wir bei <a href=\"https:\/\/xn--mllefisk-54a.dk\/\">M\u00f8llefisk<\/a> sind stolz darauf, frische Meeresfr\u00fcchte anzubieten, die den h\u00f6chsten Anspr\u00fcchen an Qualit\u00e4t und Geschmack gen\u00fcgen. Mit \u00fcber 35 Jahren Erfahrung in der Branche und 20 Jahren auf See mit unserem eigenen Schiff stellen wir sicher, dass unsere Kunden &#8211; sowohl Privat- als auch Gesch\u00e4ftskunden &#8211; immer das Beste bekommen. Wir bieten ma\u00dfgeschneiderte L\u00f6sungen und fachkundige Beratung f\u00fcr Ihre Bed\u00fcrfnisse.<\/p><h3>Frischer Fisch und handgeschnittene Delikatessen<\/h3><p>Wir liefern frische Meeresfr\u00fcchte, die von unserem geschulten Personal sorgf\u00e4ltig ausgew\u00e4hlt und handgeschnitten werden. Unser Fokus auf Qualit\u00e4t und Pr\u00e4zision gew\u00e4hrleistet, dass Sie Produkte erhalten, die Sie beeindrucken werden &#8211; ob f\u00fcr den heimischen Esstisch oder die Restaurantkarte.<\/p><h3>Ma\u00dfgeschneiderte L\u00f6sungen f\u00fcr Privat- und Gesch\u00e4ftskunden<\/h3><p>Kein Kunde ist wie der andere, deshalb bieten wir flexible und ma\u00dfgeschneiderte L\u00f6sungen f\u00fcr Ihre Bed\u00fcrfnisse. Als Privatkunde finden Sie in unserem Gesch\u00e4ft eine gro\u00dfe Auswahl an Fisch f\u00fcr jeden Anlass. Als Gesch\u00e4ftskunde bieten wir Ihnen feste Liefertermine, spezielle Zuschnitte und L\u00f6sungen, die auf Ihre K\u00fcche und Ihr Men\u00fc zugeschnitten sind.<\/p><h3>Kompetente Beratung durch engagierte Mitarbeiter<\/h3><p>Unsere Mitarbeiter sind mehr als Fischh\u00e4ndler &#8211; sie sind engagierte Experten mit einer tiefen Leidenschaft f\u00fcr Fisch. Wir beraten Sie in allen Bereichen, von der Fischauswahl und -zubereitung bis zur Lagerung und Pr\u00e4sentation, damit Sie das Beste aus Ihrem Einkauf herausholen k\u00f6nnen.<\/p><h3>Warum Millfish w\u00e4hlen?<\/h3><ul><li><strong>Tradition und Erfahrung:<\/strong> Das Gesch\u00e4ft besteht seit 1987 und wir sind seit 20 Jahren mit unserem Generationenschiff unterwegs.<\/li><li><strong>Qualit\u00e4t und Frische:<\/strong> Wir liefern nur den besten Fisch, der mit Sorgfalt von Hand geschnitten wird.<\/li><li><strong>Flexibilit\u00e4t:<\/strong> Ma\u00dfgeschneiderte L\u00f6sungen f\u00fcr private und gewerbliche Kunden.<\/li><li><strong>Kundenfreundlichkeit:<\/strong> Frische und engagierte Mitarbeiter, die bereit sind zu helfen.<\/li><\/ul><h3>Kontaktieren Sie uns heute<\/h3><p>M\u00f6chten Sie mehr dar\u00fcber erfahren, was wir anbieten k\u00f6nnen? Wir von Millfish sind bereit, Ihnen Qualit\u00e4tsfisch und ma\u00dfgeschneiderte L\u00f6sungen zu liefern, die Ihren Bed\u00fcrfnissen entsprechen. Besuchen Sie unser Gesch\u00e4ft oder <a href=\"https:\/\/xn--mllefisk-54a.dk\/kontakt\/\">kontaktieren Sie uns<\/a> f\u00fcr ein unverbindliches Gespr\u00e4ch \u00fcber Ihre M\u00f6glichkeiten. Rufen Sie uns an:<a href=\"tel:70262210\"> 70 26 22 10<\/a>.<\/p><\/div><\/div><\/article>\t\t\t\t\t\t\t\t<\/div>\n\t\t\t\t<\/div>\n\t\t\t\t<\/div>\n\t\t<div class=\"elementor-element elementor-element-6a38b953 e-con-full e-flex e-con e-child\" data-id=\"6a38b953\" data-element_type=\"container\" data-e-type=\"container\">\n\t\t\t\t<div class=\"elementor-element elementor-element-40b7cf59 dark elementor-widget elementor-widget-sidebar\" data-id=\"40b7cf59\" data-element_type=\"widget\" data-e-type=\"widget\" data-widget_type=\"sidebar.default\">\n\t\t\t\t<div class=\"elementor-widget-container\">\n\t\t\t\t\t<aside id=\"text-13\" class=\"widget-odd widget-5 widget inner-padding widget_text\"><h2 class=\"widget-title\">M\u00f6chten Sie mehr erfahren?<\/h2>\t\t\t<div class=\"textwidget\"><p>F\u00fcllen Sie das Formular aus und wir werden Sie so schnell wie m\u00f6glich kontaktieren.<\/p>\n<\/div>\n\t\t<\/aside><aside id=\"forminator_widget-4\" class=\"widget-even widget-last widget-6 widget inner-padding widget_forminator_widget\"><form id=\"forminator-module-10204\" class=\"forminator-custom-form forminator-custom-form-10204\" method=\"post\" data-forminator-render=\"0\" data-uid=\"69f5459f57675\"><div role=\"alert\" aria-live=\"polite\" class=\"forminator-response-message forminator-error\" aria-hidden=\"true\"><\/div><\/form><\/aside>\t\t\t\t<\/div>\n\t\t\t\t<\/div>\n\t\t\t\t<\/div>\n\t\t\t\t\t<\/div>\n\t\t\t\t<\/div>\n\t\t<div class=\"elementor-element elementor-element-3ba02114 e-con-full e-flex e-con e-parent\" data-id=\"3ba02114\" data-element_type=\"container\" data-e-type=\"container\">\n\t\t\t\t<div class=\"elementor-element elementor-element-23949bd9 elementor-widget elementor-widget-gallery\" data-id=\"23949bd9\" data-element_type=\"widget\" data-e-type=\"widget\" data-settings=\"{&quot;columns&quot;:6,&quot;columns_tablet&quot;:3,&quot;columns_mobile&quot;:2,&quot;gap&quot;:{&quot;unit&quot;:&quot;px&quot;,&quot;size&quot;:0,&quot;sizes&quot;:[]},&quot;gap_laptop&quot;:{&quot;unit&quot;:&quot;px&quot;,&quot;size&quot;:0,&quot;sizes&quot;:[]},&quot;gap_tablet&quot;:{&quot;unit&quot;:&quot;px&quot;,&quot;size&quot;:0,&quot;sizes&quot;:[]},&quot;gap_mobile&quot;:{&quot;unit&quot;:&quot;px&quot;,&quot;size&quot;:0,&quot;sizes&quot;:[]},&quot;aspect_ratio&quot;:&quot;1:1&quot;,&quot;lazyload&quot;:&quot;yes&quot;,&quot;gallery_layout&quot;:&quot;grid&quot;,&quot;link_to&quot;:&quot;file&quot;,&quot;content_hover_animation&quot;:&quot;fade-in&quot;}\" data-widget_type=\"gallery.default\">\n\t\t\t\t<div class=\"elementor-widget-container\">\n\t\t\t\t\t\t\t<div class=\"elementor-gallery__container\">\n\t\t\t\t\t\t\t<a class=\"e-gallery-item elementor-gallery-item elementor-animated-content\" href=\"https:\/\/xn--mllefisk-54a.dk\/wp-content\/uploads\/2023\/06\/moellefisk-20.jpg\" data-elementor-open-lightbox=\"yes\" data-elementor-lightbox-slideshow=\"23949bd9\" data-e-action-hash=\"#elementor-action%3Aaction%3Dlightbox%26settings%3DeyJpZCI6MzUyOSwidXJsIjoiaHR0cHM6XC9cL3huLS1tbGxlZmlzay01NGEuZGtcL3dwLWNvbnRlbnRcL3VwbG9hZHNcLzIwMjNcLzA2XC9tb2VsbGVmaXNrLTIwLmpwZyIsInNsaWRlc2hvdyI6IjIzOTQ5YmQ5In0%3D\" data-rel=\"-image-0\" data-rl_title=\"\" data-rl_caption=\"\" title=\"\">\n\t\t\t\t\t<div class=\"e-gallery-image elementor-gallery-item__image\" data-thumbnail=\"https:\/\/xn--mllefisk-54a.dk\/wp-content\/uploads\/2023\/06\/moellefisk-20-281x500.jpg\" data-width=\"281\" data-height=\"500\" aria-label=\"\" role=\"img\" ><\/div>\n\t\t\t\t\t\t\t\t\t\t\t\t\t\t<\/a>\n\t\t\t\t\t\t\t<a class=\"e-gallery-item elementor-gallery-item elementor-animated-content\" href=\"https:\/\/xn--mllefisk-54a.dk\/wp-content\/uploads\/2023\/06\/moellefisk-26.jpg\" data-elementor-open-lightbox=\"yes\" data-elementor-lightbox-slideshow=\"23949bd9\" data-e-action-hash=\"#elementor-action%3Aaction%3Dlightbox%26settings%3DeyJpZCI6MzUxMSwidXJsIjoiaHR0cHM6XC9cL3huLS1tbGxlZmlzay01NGEuZGtcL3dwLWNvbnRlbnRcL3VwbG9hZHNcLzIwMjNcLzA2XC9tb2VsbGVmaXNrLTI2LmpwZyIsInNsaWRlc2hvdyI6IjIzOTQ5YmQ5In0%3D\" data-rel=\"-image-1\" data-rl_title=\"\" data-rl_caption=\"\" title=\"\">\n\t\t\t\t\t<div class=\"e-gallery-image elementor-gallery-item__image\" data-thumbnail=\"https:\/\/xn--mllefisk-54a.dk\/wp-content\/uploads\/2023\/06\/moellefisk-26-500x500.jpg\" data-width=\"500\" data-height=\"500\" aria-label=\"Fiskehandler s\u00e6lger laks n\u00e6r Rander og \u00c5rhus\" role=\"img\" ><\/div>\n\t\t\t\t\t\t\t\t\t\t\t\t\t\t<\/a>\n\t\t\t\t\t\t\t<a class=\"e-gallery-item elementor-gallery-item elementor-animated-content\" href=\"https:\/\/xn--mllefisk-54a.dk\/wp-content\/uploads\/2023\/06\/moellefisk-10.jpg\" data-elementor-open-lightbox=\"yes\" data-elementor-lightbox-slideshow=\"23949bd9\" data-e-action-hash=\"#elementor-action%3Aaction%3Dlightbox%26settings%3DeyJpZCI6MzUyOCwidXJsIjoiaHR0cHM6XC9cL3huLS1tbGxlZmlzay01NGEuZGtcL3dwLWNvbnRlbnRcL3VwbG9hZHNcLzIwMjNcLzA2XC9tb2VsbGVmaXNrLTEwLmpwZyIsInNsaWRlc2hvdyI6IjIzOTQ5YmQ5In0%3D\" data-rel=\"-image-2\" data-rl_title=\"\" data-rl_caption=\"\" title=\"\">\n\t\t\t\t\t<div class=\"e-gallery-image elementor-gallery-item__image\" data-thumbnail=\"https:\/\/xn--mllefisk-54a.dk\/wp-content\/uploads\/2023\/06\/moellefisk-10-306x500.jpg\" data-width=\"306\" data-height=\"500\" aria-label=\"\" role=\"img\" ><\/div>\n\t\t\t\t\t\t\t\t\t\t\t\t\t\t<\/a>\n\t\t\t\t\t\t\t<a class=\"e-gallery-item elementor-gallery-item elementor-animated-content\" href=\"https:\/\/xn--mllefisk-54a.dk\/wp-content\/uploads\/2023\/06\/moellefisk-04.jpg\" data-elementor-open-lightbox=\"yes\" data-elementor-lightbox-slideshow=\"23949bd9\" data-e-action-hash=\"#elementor-action%3Aaction%3Dlightbox%26settings%3DeyJpZCI6MzUxNiwidXJsIjoiaHR0cHM6XC9cL3huLS1tbGxlZmlzay01NGEuZGtcL3dwLWNvbnRlbnRcL3VwbG9hZHNcLzIwMjNcLzA2XC9tb2VsbGVmaXNrLTA0LmpwZyIsInNsaWRlc2hvdyI6IjIzOTQ5YmQ5In0%3D\" data-rel=\"-image-3\" data-rl_title=\"\" data-rl_caption=\"\" title=\"\">\n\t\t\t\t\t<div class=\"e-gallery-image elementor-gallery-item__image\" data-thumbnail=\"https:\/\/xn--mllefisk-54a.dk\/wp-content\/uploads\/2023\/06\/moellefisk-04-500x500.jpg\" data-width=\"500\" data-height=\"500\" aria-label=\"\" role=\"img\" ><\/div>\n\t\t\t\t\t\t\t\t\t\t\t\t\t\t<\/a>\n\t\t\t\t\t\t\t<a class=\"e-gallery-item elementor-gallery-item elementor-animated-content\" href=\"https:\/\/xn--mllefisk-54a.dk\/wp-content\/uploads\/2023\/06\/moellefisk-17.jpg\" data-elementor-open-lightbox=\"yes\" data-elementor-lightbox-slideshow=\"23949bd9\" data-e-action-hash=\"#elementor-action%3Aaction%3Dlightbox%26settings%3DeyJpZCI6MzUwNiwidXJsIjoiaHR0cHM6XC9cL3huLS1tbGxlZmlzay01NGEuZGtcL3dwLWNvbnRlbnRcL3VwbG9hZHNcLzIwMjNcLzA2XC9tb2VsbGVmaXNrLTE3LmpwZyIsInNsaWRlc2hvdyI6IjIzOTQ5YmQ5In0%3D\" data-rel=\"-image-4\" data-rl_title=\"\" data-rl_caption=\"\" title=\"\">\n\t\t\t\t\t<div class=\"e-gallery-image elementor-gallery-item__image\" data-thumbnail=\"https:\/\/xn--mllefisk-54a.dk\/wp-content\/uploads\/2023\/06\/moellefisk-17-500x500.jpg\" data-width=\"500\" data-height=\"500\" aria-label=\"Fiskefiletter hos fiskehandler n\u00e6r \u00c5rhus og Randers\" role=\"img\" ><\/div>\n\t\t\t\t\t\t\t\t\t\t\t\t\t\t<\/a>\n\t\t\t\t\t\t\t<a class=\"e-gallery-item elementor-gallery-item elementor-animated-content\" href=\"https:\/\/xn--mllefisk-54a.dk\/wp-content\/uploads\/2023\/06\/moellefisk-19.jpg\" data-elementor-open-lightbox=\"yes\" data-elementor-lightbox-slideshow=\"23949bd9\" data-e-action-hash=\"#elementor-action%3Aaction%3Dlightbox%26settings%3DeyJpZCI6MzUwOCwidXJsIjoiaHR0cHM6XC9cL3huLS1tbGxlZmlzay01NGEuZGtcL3dwLWNvbnRlbnRcL3VwbG9hZHNcLzIwMjNcLzA2XC9tb2VsbGVmaXNrLTE5LmpwZyIsInNsaWRlc2hvdyI6IjIzOTQ5YmQ5In0%3D\" data-rel=\"-image-5\" data-rl_title=\"\" data-rl_caption=\"\" title=\"\">\n\t\t\t\t\t<div class=\"e-gallery-image elementor-gallery-item__image\" data-thumbnail=\"https:\/\/xn--mllefisk-54a.dk\/wp-content\/uploads\/2023\/06\/moellefisk-19-500x500.jpg\" data-width=\"500\" data-height=\"500\" aria-label=\"Fiskehandler p\u00e5 Djursland fileterer fisk\" role=\"img\" ><\/div>\n\t\t\t\t\t\t\t\t\t\t\t\t\t\t<\/a>\n\t\t\t\t\t<\/div>\n\t\t\t\t\t<\/div>\n\t\t\t\t<\/div>\n\t\t\t\t<\/div>\n\t\t\t\t<\/div>\n\t\t","protected":false},"excerpt":{"rendered":"<p>Sehen Sie unsere Projekte hier.<\/p>\n","protected":false},"author":5,"featured_media":9745,"parent":0,"menu_order":0,"comment_status":"closed","ping_status":"closed","template":"","meta":{"_acf_changed":false,"footnotes":""},"categories":[],"class_list":["post-10173","page","type-page","status-publish","has-post-thumbnail"],"acf":[],"yoast_head":"<!-- This site is optimized with the Yoast SEO plugin v27.5 - https:\/\/yoast.com\/product\/yoast-seo-wordpress\/ -->\n<title>Dienstleistungen | M\u00f8llefisk &amp; Havnens R\u00f8geri<\/title>\n<meta name=\"robots\" content=\"index, follow, max-snippet:-1, max-image-preview:large, max-video-preview:-1\" \/>\n<link rel=\"canonical\" href=\"https:\/\/xn--mllefisk-54a.dk\/de\/dienstleistungen\/\" \/>\n<meta property=\"og:locale\" content=\"de_DE\" \/>\n<meta property=\"og:type\" content=\"article\" \/>\n<meta property=\"og:title\" content=\"Dienstleistungen | M\u00f8llefisk &amp; Havnens R\u00f8geri\" \/>\n<meta property=\"og:description\" content=\"Sehen Sie unsere Projekte hier.\" \/>\n<meta property=\"og:url\" content=\"https:\/\/xn--mllefisk-54a.dk\/de\/dienstleistungen\/\" \/>\n<meta property=\"og:site_name\" content=\"M\u00f8llefisk &amp; Havnens R\u00f8geri\" \/>\n<meta property=\"article:modified_time\" content=\"2025-06-24T09:21:59+00:00\" \/>\n<meta property=\"og:image\" content=\"https:\/\/xn--mllefisk-54a.dk\/wp-content\/uploads\/2023\/06\/moellefisk-12.jpg\" \/>\n\t<meta property=\"og:image:width\" content=\"1365\" \/>\n\t<meta property=\"og:image:height\" content=\"2048\" \/>\n\t<meta property=\"og:image:type\" content=\"image\/jpeg\" \/>\n<meta name=\"twitter:card\" content=\"summary_large_image\" \/>\n<meta name=\"twitter:label1\" content=\"Gesch\u00e4tzte Lesezeit\" \/>\n\t<meta name=\"twitter:data1\" content=\"2\u00a0Minuten\" \/>\n<script type=\"application\/ld+json\" class=\"yoast-schema-graph\">{\"@context\":\"https:\\\/\\\/schema.org\",\"@graph\":[{\"@type\":\"WebPage\",\"@id\":\"https:\\\/\\\/xn--mllefisk-54a.dk\\\/de\\\/dienstleistungen\\\/\",\"url\":\"https:\\\/\\\/xn--mllefisk-54a.dk\\\/de\\\/dienstleistungen\\\/\",\"name\":\"Dienstleistungen | M\u00f8llefisk &amp; Havnens R\u00f8geri\",\"isPartOf\":{\"@id\":\"https:\\\/\\\/xn--mllefisk-54a.dk\\\/de\\\/#website\"},\"primaryImageOfPage\":{\"@id\":\"https:\\\/\\\/xn--mllefisk-54a.dk\\\/de\\\/dienstleistungen\\\/#primaryimage\"},\"image\":{\"@id\":\"https:\\\/\\\/xn--mllefisk-54a.dk\\\/de\\\/dienstleistungen\\\/#primaryimage\"},\"thumbnailUrl\":\"https:\\\/\\\/xn--mllefisk-54a.dk\\\/wp-content\\\/uploads\\\/2023\\\/06\\\/moellefisk-12.jpg\",\"datePublished\":\"2021-10-08T10:39:16+00:00\",\"dateModified\":\"2025-06-24T09:21:59+00:00\",\"breadcrumb\":{\"@id\":\"https:\\\/\\\/xn--mllefisk-54a.dk\\\/de\\\/dienstleistungen\\\/#breadcrumb\"},\"inLanguage\":\"de\",\"potentialAction\":[{\"@type\":\"ReadAction\",\"target\":[\"https:\\\/\\\/xn--mllefisk-54a.dk\\\/de\\\/dienstleistungen\\\/\"]}]},{\"@type\":\"ImageObject\",\"inLanguage\":\"de\",\"@id\":\"https:\\\/\\\/xn--mllefisk-54a.dk\\\/de\\\/dienstleistungen\\\/#primaryimage\",\"url\":\"https:\\\/\\\/xn--mllefisk-54a.dk\\\/wp-content\\\/uploads\\\/2023\\\/06\\\/moellefisk-12.jpg\",\"contentUrl\":\"https:\\\/\\\/xn--mllefisk-54a.dk\\\/wp-content\\\/uploads\\\/2023\\\/06\\\/moellefisk-12.jpg\",\"width\":1365,\"height\":2048},{\"@type\":\"BreadcrumbList\",\"@id\":\"https:\\\/\\\/xn--mllefisk-54a.dk\\\/de\\\/dienstleistungen\\\/#breadcrumb\",\"itemListElement\":[{\"@type\":\"ListItem\",\"position\":1,\"name\":\"Forside\",\"item\":\"https:\\\/\\\/xn--mllefisk-54a.dk\\\/de\\\/\"},{\"@type\":\"ListItem\",\"position\":2,\"name\":\"Dienstleistungen\"}]},{\"@type\":\"WebSite\",\"@id\":\"https:\\\/\\\/xn--mllefisk-54a.dk\\\/de\\\/#website\",\"url\":\"https:\\\/\\\/xn--mllefisk-54a.dk\\\/de\\\/\",\"name\":\"M\u00f8llefisk &amp; Havnens R\u00f8geri\",\"description\":\"Din lokale fiskehandler \u2013 frisk fisk og r\u00f8gvarer i h\u00f8j kvalitet\",\"publisher\":{\"@id\":\"https:\\\/\\\/xn--mllefisk-54a.dk\\\/de\\\/#organization\"},\"potentialAction\":[{\"@type\":\"SearchAction\",\"target\":{\"@type\":\"EntryPoint\",\"urlTemplate\":\"https:\\\/\\\/xn--mllefisk-54a.dk\\\/de\\\/?s={search_term_string}\"},\"query-input\":{\"@type\":\"PropertyValueSpecification\",\"valueRequired\":true,\"valueName\":\"search_term_string\"}}],\"inLanguage\":\"de\"},{\"@type\":\"Organization\",\"@id\":\"https:\\\/\\\/xn--mllefisk-54a.dk\\\/de\\\/#organization\",\"name\":\"M\u00f8llefisk &amp; Havnens R\u00f8geri\",\"url\":\"https:\\\/\\\/xn--mllefisk-54a.dk\\\/de\\\/\",\"logo\":{\"@type\":\"ImageObject\",\"inLanguage\":\"de\",\"@id\":\"https:\\\/\\\/xn--mllefisk-54a.dk\\\/de\\\/#\\\/schema\\\/logo\\\/image\\\/\",\"url\":\"https:\\\/\\\/xn--mllefisk-54a.dk\\\/wp-content\\\/uploads\\\/2022\\\/09\\\/logo-sort2.png\",\"contentUrl\":\"https:\\\/\\\/xn--mllefisk-54a.dk\\\/wp-content\\\/uploads\\\/2022\\\/09\\\/logo-sort2.png\",\"width\":512,\"height\":394,\"caption\":\"M\u00f8llefisk &amp; Havnens R\u00f8geri\"},\"image\":{\"@id\":\"https:\\\/\\\/xn--mllefisk-54a.dk\\\/de\\\/#\\\/schema\\\/logo\\\/image\\\/\"}}]}<\/script>\n<!-- \/ Yoast SEO plugin. -->","yoast_head_json":{"title":"Dienstleistungen | M\u00f8llefisk &amp; Havnens R\u00f8geri","robots":{"index":"index","follow":"follow","max-snippet":"max-snippet:-1","max-image-preview":"max-image-preview:large","max-video-preview":"max-video-preview:-1"},"canonical":"https:\/\/xn--mllefisk-54a.dk\/de\/dienstleistungen\/","og_locale":"de_DE","og_type":"article","og_title":"Dienstleistungen | M\u00f8llefisk &amp; Havnens R\u00f8geri","og_description":"Sehen Sie unsere Projekte hier.","og_url":"https:\/\/xn--mllefisk-54a.dk\/de\/dienstleistungen\/","og_site_name":"M\u00f8llefisk &amp; Havnens R\u00f8geri","article_modified_time":"2025-06-24T09:21:59+00:00","og_image":[{"width":1365,"height":2048,"url":"https:\/\/xn--mllefisk-54a.dk\/wp-content\/uploads\/2023\/06\/moellefisk-12.jpg","type":"image\/jpeg"}],"twitter_card":"summary_large_image","twitter_misc":{"Gesch\u00e4tzte Lesezeit":"2\u00a0Minuten"},"schema":{"@context":"https:\/\/schema.org","@graph":[{"@type":"WebPage","@id":"https:\/\/xn--mllefisk-54a.dk\/de\/dienstleistungen\/","url":"https:\/\/xn--mllefisk-54a.dk\/de\/dienstleistungen\/","name":"Dienstleistungen | M\u00f8llefisk &amp; Havnens R\u00f8geri","isPartOf":{"@id":"https:\/\/xn--mllefisk-54a.dk\/de\/#website"},"primaryImageOfPage":{"@id":"https:\/\/xn--mllefisk-54a.dk\/de\/dienstleistungen\/#primaryimage"},"image":{"@id":"https:\/\/xn--mllefisk-54a.dk\/de\/dienstleistungen\/#primaryimage"},"thumbnailUrl":"https:\/\/xn--mllefisk-54a.dk\/wp-content\/uploads\/2023\/06\/moellefisk-12.jpg","datePublished":"2021-10-08T10:39:16+00:00","dateModified":"2025-06-24T09:21:59+00:00","breadcrumb":{"@id":"https:\/\/xn--mllefisk-54a.dk\/de\/dienstleistungen\/#breadcrumb"},"inLanguage":"de","potentialAction":[{"@type":"ReadAction","target":["https:\/\/xn--mllefisk-54a.dk\/de\/dienstleistungen\/"]}]},{"@type":"ImageObject","inLanguage":"de","@id":"https:\/\/xn--mllefisk-54a.dk\/de\/dienstleistungen\/#primaryimage","url":"https:\/\/xn--mllefisk-54a.dk\/wp-content\/uploads\/2023\/06\/moellefisk-12.jpg","contentUrl":"https:\/\/xn--mllefisk-54a.dk\/wp-content\/uploads\/2023\/06\/moellefisk-12.jpg","width":1365,"height":2048},{"@type":"BreadcrumbList","@id":"https:\/\/xn--mllefisk-54a.dk\/de\/dienstleistungen\/#breadcrumb","itemListElement":[{"@type":"ListItem","position":1,"name":"Forside","item":"https:\/\/xn--mllefisk-54a.dk\/de\/"},{"@type":"ListItem","position":2,"name":"Dienstleistungen"}]},{"@type":"WebSite","@id":"https:\/\/xn--mllefisk-54a.dk\/de\/#website","url":"https:\/\/xn--mllefisk-54a.dk\/de\/","name":"M\u00f8llefisk &amp; Havnens R\u00f8geri","description":"Din lokale fiskehandler \u2013 frisk fisk og r\u00f8gvarer i h\u00f8j kvalitet","publisher":{"@id":"https:\/\/xn--mllefisk-54a.dk\/de\/#organization"},"potentialAction":[{"@type":"SearchAction","target":{"@type":"EntryPoint","urlTemplate":"https:\/\/xn--mllefisk-54a.dk\/de\/?s={search_term_string}"},"query-input":{"@type":"PropertyValueSpecification","valueRequired":true,"valueName":"search_term_string"}}],"inLanguage":"de"},{"@type":"Organization","@id":"https:\/\/xn--mllefisk-54a.dk\/de\/#organization","name":"M\u00f8llefisk &amp; Havnens R\u00f8geri","url":"https:\/\/xn--mllefisk-54a.dk\/de\/","logo":{"@type":"ImageObject","inLanguage":"de","@id":"https:\/\/xn--mllefisk-54a.dk\/de\/#\/schema\/logo\/image\/","url":"https:\/\/xn--mllefisk-54a.dk\/wp-content\/uploads\/2022\/09\/logo-sort2.png","contentUrl":"https:\/\/xn--mllefisk-54a.dk\/wp-content\/uploads\/2022\/09\/logo-sort2.png","width":512,"height":394,"caption":"M\u00f8llefisk &amp; Havnens R\u00f8geri"},"image":{"@id":"https:\/\/xn--mllefisk-54a.dk\/de\/#\/schema\/logo\/image\/"}}]}},"_links":{"self":[{"href":"https:\/\/xn--mllefisk-54a.dk\/de\/wp-json\/wp\/v2\/pages\/10173","targetHints":{"allow":["GET"]}}],"collection":[{"href":"https:\/\/xn--mllefisk-54a.dk\/de\/wp-json\/wp\/v2\/pages"}],"about":[{"href":"https:\/\/xn--mllefisk-54a.dk\/de\/wp-json\/wp\/v2\/types\/page"}],"author":[{"embeddable":true,"href":"https:\/\/xn--mllefisk-54a.dk\/de\/wp-json\/wp\/v2\/users\/5"}],"replies":[{"embeddable":true,"href":"https:\/\/xn--mllefisk-54a.dk\/de\/wp-json\/wp\/v2\/comments?post=10173"}],"version-history":[{"count":2,"href":"https:\/\/xn--mllefisk-54a.dk\/de\/wp-json\/wp\/v2\/pages\/10173\/revisions"}],"predecessor-version":[{"id":10177,"href":"https:\/\/xn--mllefisk-54a.dk\/de\/wp-json\/wp\/v2\/pages\/10173\/revisions\/10177"}],"wp:featuredmedia":[{"embeddable":true,"href":"https:\/\/xn--mllefisk-54a.dk\/de\/wp-json\/wp\/v2\/media\/9745"}],"wp:attachment":[{"href":"https:\/\/xn--mllefisk-54a.dk\/de\/wp-json\/wp\/v2\/media?parent=10173"}],"wp:term":[{"taxonomy":"category","embeddable":true,"href":"https:\/\/xn--mllefisk-54a.dk\/de\/wp-json\/wp\/v2\/categories?post=10173"}],"curies":[{"name":"wp","href":"https:\/\/api.w.org\/{rel}","templated":true}]}}