{"id":10154,"date":"2023-11-09T14:25:54","date_gmt":"2023-11-09T13:25:54","guid":{"rendered":"https:\/\/xn--mllefisk-54a.dk\/geschaeftskunden\/"},"modified":"2025-06-24T11:21:35","modified_gmt":"2025-06-24T09:21:35","slug":"geschaeftskunden","status":"publish","type":"page","link":"https:\/\/xn--mllefisk-54a.dk\/de\/geschaeftskunden\/","title":{"rendered":"Gesch\u00e4ftskunden"},"content":{"rendered":"\t\t<div data-elementor-type=\"wp-page\" data-elementor-id=\"10154\" class=\"elementor elementor-10154 elementor-3561\" data-elementor-post-type=\"page\">\n\t\t\t\t<div class=\"elementor-element elementor-element-9d45c e-con-full no-padding e-flex e-con e-parent\" data-id=\"9d45c\" data-element_type=\"container\" data-e-type=\"container\">\n\t\t\t\t<div class=\"elementor-element elementor-element-377a7bf9 elementor-widget elementor-widget-template\" data-id=\"377a7bf9\" data-element_type=\"widget\" data-e-type=\"widget\" data-widget_type=\"template.default\">\n\t\t\t\t<div class=\"elementor-widget-container\">\n\t\t\t\t\t\t\t<div class=\"elementor-template\">\n\t\t\t\t\t<div data-elementor-type=\"container\" data-elementor-id=\"6563\" class=\"elementor elementor-6563\" data-elementor-post-type=\"elementor_library\">\n\t\t\t\t<div class=\"elementor-element elementor-element-6b499f1f e-con-full no-padding e-flex e-con e-parent\" data-id=\"6b499f1f\" data-element_type=\"container\" data-e-type=\"container\">\n\t\t\t\t<div class=\"elementor-element elementor-element-1ecbb66 elementor-widget elementor-widget-template\" data-id=\"1ecbb66\" data-element_type=\"widget\" data-e-type=\"widget\" data-widget_type=\"template.default\">\n\t\t\t\t<div class=\"elementor-widget-container\">\n\t\t\t\t\t\t\t<div class=\"elementor-template\">\n\t\t\t\t\t<div data-elementor-type=\"container\" data-elementor-id=\"6542\" class=\"elementor elementor-6542\" data-elementor-post-type=\"elementor_library\">\n\t\t\t\t<div class=\"elementor-element elementor-element-2bc4b5ab white e-flex e-con-boxed e-con e-parent\" data-id=\"2bc4b5ab\" data-element_type=\"container\" data-e-type=\"container\" data-settings=\"{&quot;background_background&quot;:&quot;classic&quot;}\">\n\t\t\t\t\t<div class=\"e-con-inner\">\n\t\t\t\t\t<\/div>\n\t\t\t\t<\/div>\n\t\t\t\t<\/div>\n\t\t\t\t<\/div>\n\t\t\t\t\t\t<\/div>\n\t\t\t\t<\/div>\n\t\t\t\t<\/div>\n\t\t\t\t<\/div>\n\t\t\t\t<\/div>\n\t\t\t\t\t\t<\/div>\n\t\t\t\t<\/div>\n\t\t\t\t<\/div>\n\t\t<div class=\"elementor-element elementor-element-3a819272 e-flex e-con-boxed e-con e-parent\" data-id=\"3a819272\" data-element_type=\"container\" data-e-type=\"container\">\n\t\t\t\t\t<div class=\"e-con-inner\">\n\t\t<div class=\"elementor-element elementor-element-410c21fe e-con-full e-flex e-con e-child\" data-id=\"410c21fe\" data-element_type=\"container\" data-e-type=\"container\">\n\t\t\t\t<div class=\"elementor-element elementor-element-4ae814ef elementor-widget elementor-widget-text-editor\" data-id=\"4ae814ef\" data-element_type=\"widget\" data-e-type=\"widget\" data-widget_type=\"text-editor.default\">\n\t\t\t\t<div class=\"elementor-widget-container\">\n\t\t\t\t\t\t\t\t\t<h2>Frischer Fisch f\u00fcr Gesch\u00e4ftskunden<\/h2><p>Wir bei <a href=\"https:\/\/xn--mllefisk-54a.dk\/\">M\u00f8llefisk<\/a> sind stolz darauf, der bevorzugte Lieferant der Branche f\u00fcr Qualit\u00e4tsfisch zu sein. Seit 1987 liefern wir frischen und handgeschnittenen Fisch an Restaurants, Hotels, Catering-Unternehmen und andere professionelle K\u00fcchen. Mit der 20-j\u00e4hrigen Erfahrung unseres Generationenschiffs und unserer Leidenschaft f\u00fcr Fisch bieten wir einen Service, der selbst den h\u00f6chsten Anspr\u00fcchen gerecht wird.<\/p><h3>Speziell auf Ihr Unternehmen zugeschnittene Lieferungen<\/h3><p>Wir wissen, dass jeder Gesch\u00e4ftskunde einzigartige Bed\u00fcrfnisse hat. Deshalb bieten wir flexible L\u00f6sungen f\u00fcr Ihr Unternehmen an &#8211; egal, ob Sie t\u00e4gliche Lieferungen von fangfrischem Fisch oder spezielle Teilst\u00fccke f\u00fcr bestimmte Gerichte ben\u00f6tigen.<\/p><h3>Qualit\u00e4t und Frische bei jeder Lieferung<\/h3><p>Qualit\u00e4t steht bei allem, was wir tun, im Mittelpunkt. Bei M\u00f8llefisk garantieren wir Ihnen frischen Fisch, der von unseren erfahrenen Mitarbeitern mit Sorgfalt von Hand geschnitten wird. Wir sorgen daf\u00fcr, dass Sie Produkte erhalten, die Ihre Erwartungen erf\u00fcllen &#8211; und noch mehr.<\/p><h3>Ihr Partner mit Generationen von Fischern im R\u00fccken<\/h3><p>Mit mehr als 35 Jahren Erfahrung in der Branche und 20 Jahren auf See mit unserem eigenen Schiff haben wir ein einzigartiges Verst\u00e4ndnis f\u00fcr die Fischerei und den Weg des Fisches vom Meer bis auf den Tisch. Dieses Fachwissen bedeutet, dass wir unseren Gesch\u00e4ftskunden jedes Mal das Beste bieten k\u00f6nnen.<\/p><h3>Leidenschaft und Professionalit\u00e4t garantieren den besten Service<\/h3><p>Unsere Mitarbeiter sind mehr als nur Fischh\u00e4ndler &#8211; sie sind leidenschaftliche Experten, die ihr Handwerk lieben. Sie stehen Ihnen jederzeit mit Rat und Tat zur Seite, wenn es um die Auswahl, das Schneiden und die Handhabung von Fisch geht, damit Sie die besten Gerichte f\u00fcr Ihre Kunden kreieren k\u00f6nnen.<\/p><h3>Warum sollten Sie M\u00f8llefisk als Ihren Fischlieferanten w\u00e4hlen?<\/h3><ul><li><strong>Erfahrung und Tradition:<\/strong> \u00dcber 35 Jahre frischer Fisch f\u00fcr das Gesch\u00e4ft.<\/li><li><strong>Qualit\u00e4tssicherung:<\/strong> Handgeschnittener Fisch von h\u00f6chster Qualit\u00e4t.<\/li><li><strong>Flexibilit\u00e4t:<\/strong> Lieferungen, die auf Ihre Bed\u00fcrfnisse zugeschnitten sind.<\/li><li><strong>Kompetenz:<\/strong> Passionierte und kundenfreundliche Mitarbeiter.<\/li><\/ul><h3>Kontaktieren Sie uns und erhalten Sie ein Angebot<\/h3><p>Sind Sie auf der Suche nach einem zuverl\u00e4ssigen Lieferanten von frischem Fisch f\u00fcr Ihr Unternehmen? <a href=\"https:\/\/xn--mllefisk-54a.dk\/kontakt\/\">Kontaktieren Sie M\u00f8llefisk noch heute<\/a> und lassen Sie uns dar\u00fcber sprechen, wie wir Ihnen helfen k\u00f6nnen, Qualit\u00e4t auf den Teller zu bringen. Rufen Sie uns an unter <a href=\"tel:70262210\">+45 70 26 22 10<\/a> oder besuchen Sie unseren Fischh\u00e4ndler im Ny Havnevej 24 in Glensborg.<\/p>\t\t\t\t\t\t\t\t<\/div>\n\t\t\t\t<\/div>\n\t\t\t\t<\/div>\n\t\t<div class=\"elementor-element elementor-element-efef97a e-con-full e-flex e-con e-child\" data-id=\"efef97a\" data-element_type=\"container\" data-e-type=\"container\">\n\t\t\t\t<div class=\"elementor-element elementor-element-35bc8fe4 dark elementor-widget elementor-widget-sidebar\" data-id=\"35bc8fe4\" data-element_type=\"widget\" data-e-type=\"widget\" data-widget_type=\"sidebar.default\">\n\t\t\t\t<div class=\"elementor-widget-container\">\n\t\t\t\t\t<aside id=\"text-13\" class=\"widget-odd widget-5 widget inner-padding widget_text\"><h2 class=\"widget-title\">M\u00f6chten Sie mehr erfahren?<\/h2>\t\t\t<div class=\"textwidget\"><p>F\u00fcllen Sie das Formular aus und wir werden Sie so schnell wie m\u00f6glich kontaktieren.<\/p>\n<\/div>\n\t\t<\/aside><aside id=\"forminator_widget-4\" class=\"widget-even widget-last widget-6 widget inner-padding widget_forminator_widget\"><form id=\"forminator-module-10204\" class=\"forminator-custom-form forminator-custom-form-10204\" method=\"post\" data-forminator-render=\"0\" data-uid=\"69d7eae86ddf0\"><div role=\"alert\" aria-live=\"polite\" class=\"forminator-response-message forminator-error\" aria-hidden=\"true\"><\/div><\/form><\/aside>\t\t\t\t<\/div>\n\t\t\t\t<\/div>\n\t\t\t\t<\/div>\n\t\t\t\t\t<\/div>\n\t\t\t\t<\/div>\n\t\t<div class=\"elementor-element elementor-element-5b053c48 e-con-full e-flex e-con e-parent\" data-id=\"5b053c48\" data-element_type=\"container\" data-e-type=\"container\">\n\t\t\t\t<div class=\"elementor-element elementor-element-619d3c7c elementor-widget elementor-widget-gallery\" data-id=\"619d3c7c\" data-element_type=\"widget\" data-e-type=\"widget\" data-settings=\"{&quot;columns&quot;:6,&quot;columns_tablet&quot;:3,&quot;columns_mobile&quot;:2,&quot;gap&quot;:{&quot;unit&quot;:&quot;px&quot;,&quot;size&quot;:0,&quot;sizes&quot;:[]},&quot;gap_laptop&quot;:{&quot;unit&quot;:&quot;px&quot;,&quot;size&quot;:0,&quot;sizes&quot;:[]},&quot;gap_tablet&quot;:{&quot;unit&quot;:&quot;px&quot;,&quot;size&quot;:0,&quot;sizes&quot;:[]},&quot;gap_mobile&quot;:{&quot;unit&quot;:&quot;px&quot;,&quot;size&quot;:0,&quot;sizes&quot;:[]},&quot;aspect_ratio&quot;:&quot;1:1&quot;,&quot;lazyload&quot;:&quot;yes&quot;,&quot;gallery_layout&quot;:&quot;grid&quot;,&quot;link_to&quot;:&quot;file&quot;,&quot;content_hover_animation&quot;:&quot;fade-in&quot;}\" data-widget_type=\"gallery.default\">\n\t\t\t\t<div class=\"elementor-widget-container\">\n\t\t\t\t\t\t\t<div class=\"elementor-gallery__container\">\n\t\t\t\t\t\t\t<a class=\"e-gallery-item elementor-gallery-item elementor-animated-content\" href=\"https:\/\/xn--mllefisk-54a.dk\/wp-content\/uploads\/2023\/06\/moellefisk-21.jpg\" data-elementor-open-lightbox=\"yes\" data-elementor-lightbox-slideshow=\"619d3c7c\" data-e-action-hash=\"#elementor-action%3Aaction%3Dlightbox%26settings%3DeyJpZCI6MzUzMCwidXJsIjoiaHR0cHM6XC9cL3huLS1tbGxlZmlzay01NGEuZGtcL3dwLWNvbnRlbnRcL3VwbG9hZHNcLzIwMjNcLzA2XC9tb2VsbGVmaXNrLTIxLmpwZyIsInNsaWRlc2hvdyI6IjYxOWQzYzdjIn0%3D\" data-rel=\"-image-0\" data-rl_title=\"\" data-rl_caption=\"\" title=\"\">\n\t\t\t\t\t<div class=\"e-gallery-image elementor-gallery-item__image\" data-thumbnail=\"https:\/\/xn--mllefisk-54a.dk\/wp-content\/uploads\/2023\/06\/moellefisk-21-333x500.jpg\" data-width=\"333\" data-height=\"500\" aria-label=\"\" role=\"img\" ><\/div>\n\t\t\t\t\t\t\t\t\t\t\t\t\t\t<\/a>\n\t\t\t\t\t\t\t<a class=\"e-gallery-item elementor-gallery-item elementor-animated-content\" href=\"https:\/\/xn--mllefisk-54a.dk\/wp-content\/uploads\/2023\/06\/moellefisk-16.jpg\" data-elementor-open-lightbox=\"yes\" data-elementor-lightbox-slideshow=\"619d3c7c\" data-e-action-hash=\"#elementor-action%3Aaction%3Dlightbox%26settings%3DeyJpZCI6MzUwNSwidXJsIjoiaHR0cHM6XC9cL3huLS1tbGxlZmlzay01NGEuZGtcL3dwLWNvbnRlbnRcL3VwbG9hZHNcLzIwMjNcLzA2XC9tb2VsbGVmaXNrLTE2LmpwZyIsInNsaWRlc2hvdyI6IjYxOWQzYzdjIn0%3D\" data-rel=\"-image-1\" data-rl_title=\"\" data-rl_caption=\"\" title=\"\">\n\t\t\t\t\t<div class=\"e-gallery-image elementor-gallery-item__image\" data-thumbnail=\"https:\/\/xn--mllefisk-54a.dk\/wp-content\/uploads\/2023\/06\/moellefisk-16-500x500.jpg\" data-width=\"500\" data-height=\"500\" aria-label=\"\" role=\"img\" ><\/div>\n\t\t\t\t\t\t\t\t\t\t\t\t\t\t<\/a>\n\t\t\t\t\t\t\t<a class=\"e-gallery-item elementor-gallery-item elementor-animated-content\" href=\"https:\/\/xn--mllefisk-54a.dk\/wp-content\/uploads\/2023\/06\/moellefisk-25.jpg\" data-elementor-open-lightbox=\"yes\" data-elementor-lightbox-slideshow=\"619d3c7c\" data-e-action-hash=\"#elementor-action%3Aaction%3Dlightbox%26settings%3DeyJpZCI6MzUxMCwidXJsIjoiaHR0cHM6XC9cL3huLS1tbGxlZmlzay01NGEuZGtcL3dwLWNvbnRlbnRcL3VwbG9hZHNcLzIwMjNcLzA2XC9tb2VsbGVmaXNrLTI1LmpwZyIsInNsaWRlc2hvdyI6IjYxOWQzYzdjIn0%3D\" data-rel=\"-image-2\" data-rl_title=\"\" data-rl_caption=\"\" title=\"\">\n\t\t\t\t\t<div class=\"e-gallery-image elementor-gallery-item__image\" data-thumbnail=\"https:\/\/xn--mllefisk-54a.dk\/wp-content\/uploads\/2023\/06\/moellefisk-25-281x500.jpg\" data-width=\"281\" data-height=\"500\" aria-label=\"\" role=\"img\" ><\/div>\n\t\t\t\t\t\t\t\t\t\t\t\t\t\t<\/a>\n\t\t\t\t\t\t\t<a class=\"e-gallery-item elementor-gallery-item elementor-animated-content\" href=\"https:\/\/xn--mllefisk-54a.dk\/wp-content\/uploads\/2023\/06\/moellefisk-19.jpg\" data-elementor-open-lightbox=\"yes\" data-elementor-lightbox-slideshow=\"619d3c7c\" data-e-action-hash=\"#elementor-action%3Aaction%3Dlightbox%26settings%3DeyJpZCI6MzUwOCwidXJsIjoiaHR0cHM6XC9cL3huLS1tbGxlZmlzay01NGEuZGtcL3dwLWNvbnRlbnRcL3VwbG9hZHNcLzIwMjNcLzA2XC9tb2VsbGVmaXNrLTE5LmpwZyIsInNsaWRlc2hvdyI6IjYxOWQzYzdjIn0%3D\" data-rel=\"-image-3\" data-rl_title=\"\" data-rl_caption=\"\" title=\"\">\n\t\t\t\t\t<div class=\"e-gallery-image elementor-gallery-item__image\" data-thumbnail=\"https:\/\/xn--mllefisk-54a.dk\/wp-content\/uploads\/2023\/06\/moellefisk-19-500x500.jpg\" data-width=\"500\" data-height=\"500\" aria-label=\"Fiskehandler p\u00e5 Djursland fileterer fisk\" role=\"img\" ><\/div>\n\t\t\t\t\t\t\t\t\t\t\t\t\t\t<\/a>\n\t\t\t\t\t\t\t<a class=\"e-gallery-item elementor-gallery-item elementor-animated-content\" href=\"https:\/\/xn--mllefisk-54a.dk\/wp-content\/uploads\/2023\/06\/moellefisk-18.jpg\" data-elementor-open-lightbox=\"yes\" data-elementor-lightbox-slideshow=\"619d3c7c\" data-e-action-hash=\"#elementor-action%3Aaction%3Dlightbox%26settings%3DeyJpZCI6MzUwNywidXJsIjoiaHR0cHM6XC9cL3huLS1tbGxlZmlzay01NGEuZGtcL3dwLWNvbnRlbnRcL3VwbG9hZHNcLzIwMjNcLzA2XC9tb2VsbGVmaXNrLTE4LmpwZyIsInNsaWRlc2hvdyI6IjYxOWQzYzdjIn0%3D\" data-rel=\"-image-4\" data-rl_title=\"\" data-rl_caption=\"\" title=\"\">\n\t\t\t\t\t<div class=\"e-gallery-image elementor-gallery-item__image\" data-thumbnail=\"https:\/\/xn--mllefisk-54a.dk\/wp-content\/uploads\/2023\/06\/moellefisk-18-500x500.jpg\" data-width=\"500\" data-height=\"500\" aria-label=\"Fiskehandler p\u00e5 Djursland udsk\u00e6rer laks\" role=\"img\" ><\/div>\n\t\t\t\t\t\t\t\t\t\t\t\t\t\t<\/a>\n\t\t\t\t\t\t\t<a class=\"e-gallery-item elementor-gallery-item elementor-animated-content\" href=\"https:\/\/xn--mllefisk-54a.dk\/wp-content\/uploads\/2023\/06\/moellefisk-13.jpg\" data-elementor-open-lightbox=\"yes\" data-elementor-lightbox-slideshow=\"619d3c7c\" data-e-action-hash=\"#elementor-action%3Aaction%3Dlightbox%26settings%3DeyJpZCI6MzUwMywidXJsIjoiaHR0cHM6XC9cL3huLS1tbGxlZmlzay01NGEuZGtcL3dwLWNvbnRlbnRcL3VwbG9hZHNcLzIwMjNcLzA2XC9tb2VsbGVmaXNrLTEzLmpwZyIsInNsaWRlc2hvdyI6IjYxOWQzYzdjIn0%3D\" data-rel=\"-image-5\" data-rl_title=\"\" data-rl_caption=\"\" title=\"\">\n\t\t\t\t\t<div class=\"e-gallery-image elementor-gallery-item__image\" data-thumbnail=\"https:\/\/xn--mllefisk-54a.dk\/wp-content\/uploads\/2023\/06\/moellefisk-13-500x500.jpg\" data-width=\"500\" data-height=\"500\" aria-label=\"Fiskehandler p\u00e5 Djursland s\u00e6lger fisk\" role=\"img\" ><\/div>\n\t\t\t\t\t\t\t\t\t\t\t\t\t\t<\/a>\n\t\t\t\t\t<\/div>\n\t\t\t\t\t<\/div>\n\t\t\t\t<\/div>\n\t\t\t\t<\/div>\n\t\t\t\t<\/div>\n\t\t","protected":false},"excerpt":{"rendered":"<p>Frischer Fisch f\u00fcr Gesch\u00e4ftskunden Wir bei M\u00f8llefisk sind stolz darauf, der bevorzugte Lieferant der Branche f\u00fcr Qualit\u00e4tsfisch zu sein. Seit 1987 liefern wir frischen und handgeschnittenen Fisch an Restaurants, Hotels, Catering-Unternehmen und andere professionelle K\u00fcchen. Mit der 20-j\u00e4hrigen Erfahrung unseres Generationenschiffs und unserer Leidenschaft f\u00fcr Fisch bieten wir einen Service, der selbst den h\u00f6chsten Anspr\u00fcchen &#8230; <a title=\"Gesch\u00e4ftskunden\" class=\"read-more\" href=\"https:\/\/xn--mllefisk-54a.dk\/de\/geschaeftskunden\/\" aria-label=\"Mehr Informationen \u00fcber Gesch\u00e4ftskunden\">Weiterlesen &#8230;<\/a><\/p>\n","protected":false},"author":5,"featured_media":9735,"parent":0,"menu_order":0,"comment_status":"closed","ping_status":"closed","template":"","meta":{"_acf_changed":false,"footnotes":""},"categories":[],"class_list":["post-10154","page","type-page","status-publish","has-post-thumbnail"],"acf":[],"yoast_head":"<!-- This site is optimized with the Yoast SEO plugin v27.3 - https:\/\/yoast.com\/product\/yoast-seo-wordpress\/ -->\n<title>Gesch\u00e4ftskunden | M\u00f8llefisk &amp; Havnens R\u00f8geri<\/title>\n<meta name=\"robots\" content=\"index, follow, max-snippet:-1, max-image-preview:large, max-video-preview:-1\" \/>\n<link rel=\"canonical\" href=\"https:\/\/xn--mllefisk-54a.dk\/de\/geschaeftskunden\/\" \/>\n<meta property=\"og:locale\" content=\"de_DE\" \/>\n<meta property=\"og:type\" content=\"article\" \/>\n<meta property=\"og:title\" content=\"Gesch\u00e4ftskunden | M\u00f8llefisk &amp; Havnens R\u00f8geri\" \/>\n<meta property=\"og:description\" content=\"Frischer Fisch f\u00fcr Gesch\u00e4ftskunden Wir bei M\u00f8llefisk sind stolz darauf, der bevorzugte Lieferant der Branche f\u00fcr Qualit\u00e4tsfisch zu sein. Seit 1987 liefern wir frischen und handgeschnittenen Fisch an Restaurants, Hotels, Catering-Unternehmen und andere professionelle K\u00fcchen. Mit der 20-j\u00e4hrigen Erfahrung unseres Generationenschiffs und unserer Leidenschaft f\u00fcr Fisch bieten wir einen Service, der selbst den h\u00f6chsten Anspr\u00fcchen ... Weiterlesen ...\" \/>\n<meta property=\"og:url\" content=\"https:\/\/xn--mllefisk-54a.dk\/de\/geschaeftskunden\/\" \/>\n<meta property=\"og:site_name\" content=\"M\u00f8llefisk &amp; Havnens R\u00f8geri\" \/>\n<meta property=\"article:modified_time\" content=\"2025-06-24T09:21:35+00:00\" \/>\n<meta property=\"og:image\" content=\"https:\/\/xn--mllefisk-54a.dk\/wp-content\/uploads\/2023\/06\/moellefisk-06.jpg\" \/>\n\t<meta property=\"og:image:width\" content=\"2048\" \/>\n\t<meta property=\"og:image:height\" content=\"2048\" \/>\n\t<meta property=\"og:image:type\" content=\"image\/jpeg\" \/>\n<meta name=\"twitter:card\" content=\"summary_large_image\" \/>\n<meta name=\"twitter:label1\" content=\"Gesch\u00e4tzte Lesezeit\" \/>\n\t<meta name=\"twitter:data1\" content=\"2\u00a0Minuten\" \/>\n<script type=\"application\/ld+json\" class=\"yoast-schema-graph\">{\"@context\":\"https:\\\/\\\/schema.org\",\"@graph\":[{\"@type\":\"WebPage\",\"@id\":\"https:\\\/\\\/xn--mllefisk-54a.dk\\\/de\\\/geschaeftskunden\\\/\",\"url\":\"https:\\\/\\\/xn--mllefisk-54a.dk\\\/de\\\/geschaeftskunden\\\/\",\"name\":\"Gesch\u00e4ftskunden | M\u00f8llefisk &amp; Havnens R\u00f8geri\",\"isPartOf\":{\"@id\":\"https:\\\/\\\/xn--mllefisk-54a.dk\\\/de\\\/#website\"},\"primaryImageOfPage\":{\"@id\":\"https:\\\/\\\/xn--mllefisk-54a.dk\\\/de\\\/geschaeftskunden\\\/#primaryimage\"},\"image\":{\"@id\":\"https:\\\/\\\/xn--mllefisk-54a.dk\\\/de\\\/geschaeftskunden\\\/#primaryimage\"},\"thumbnailUrl\":\"https:\\\/\\\/xn--mllefisk-54a.dk\\\/wp-content\\\/uploads\\\/2023\\\/06\\\/moellefisk-06.jpg\",\"datePublished\":\"2023-11-09T13:25:54+00:00\",\"dateModified\":\"2025-06-24T09:21:35+00:00\",\"breadcrumb\":{\"@id\":\"https:\\\/\\\/xn--mllefisk-54a.dk\\\/de\\\/geschaeftskunden\\\/#breadcrumb\"},\"inLanguage\":\"de\",\"potentialAction\":[{\"@type\":\"ReadAction\",\"target\":[\"https:\\\/\\\/xn--mllefisk-54a.dk\\\/de\\\/geschaeftskunden\\\/\"]}]},{\"@type\":\"ImageObject\",\"inLanguage\":\"de\",\"@id\":\"https:\\\/\\\/xn--mllefisk-54a.dk\\\/de\\\/geschaeftskunden\\\/#primaryimage\",\"url\":\"https:\\\/\\\/xn--mllefisk-54a.dk\\\/wp-content\\\/uploads\\\/2023\\\/06\\\/moellefisk-06.jpg\",\"contentUrl\":\"https:\\\/\\\/xn--mllefisk-54a.dk\\\/wp-content\\\/uploads\\\/2023\\\/06\\\/moellefisk-06.jpg\",\"width\":2048,\"height\":2048},{\"@type\":\"BreadcrumbList\",\"@id\":\"https:\\\/\\\/xn--mllefisk-54a.dk\\\/de\\\/geschaeftskunden\\\/#breadcrumb\",\"itemListElement\":[{\"@type\":\"ListItem\",\"position\":1,\"name\":\"Forside\",\"item\":\"https:\\\/\\\/xn--mllefisk-54a.dk\\\/de\\\/\"},{\"@type\":\"ListItem\",\"position\":2,\"name\":\"Gesch\u00e4ftskunden\"}]},{\"@type\":\"WebSite\",\"@id\":\"https:\\\/\\\/xn--mllefisk-54a.dk\\\/de\\\/#website\",\"url\":\"https:\\\/\\\/xn--mllefisk-54a.dk\\\/de\\\/\",\"name\":\"M\u00f8llefisk &amp; Havnens R\u00f8geri\",\"description\":\"Din lokale fiskehandler \u2013 frisk fisk og r\u00f8gvarer i h\u00f8j kvalitet\",\"publisher\":{\"@id\":\"https:\\\/\\\/xn--mllefisk-54a.dk\\\/de\\\/#organization\"},\"potentialAction\":[{\"@type\":\"SearchAction\",\"target\":{\"@type\":\"EntryPoint\",\"urlTemplate\":\"https:\\\/\\\/xn--mllefisk-54a.dk\\\/de\\\/?s={search_term_string}\"},\"query-input\":{\"@type\":\"PropertyValueSpecification\",\"valueRequired\":true,\"valueName\":\"search_term_string\"}}],\"inLanguage\":\"de\"},{\"@type\":\"Organization\",\"@id\":\"https:\\\/\\\/xn--mllefisk-54a.dk\\\/de\\\/#organization\",\"name\":\"M\u00f8llefisk &amp; Havnens R\u00f8geri\",\"url\":\"https:\\\/\\\/xn--mllefisk-54a.dk\\\/de\\\/\",\"logo\":{\"@type\":\"ImageObject\",\"inLanguage\":\"de\",\"@id\":\"https:\\\/\\\/xn--mllefisk-54a.dk\\\/de\\\/#\\\/schema\\\/logo\\\/image\\\/\",\"url\":\"https:\\\/\\\/xn--mllefisk-54a.dk\\\/wp-content\\\/uploads\\\/2022\\\/09\\\/logo-sort2.png\",\"contentUrl\":\"https:\\\/\\\/xn--mllefisk-54a.dk\\\/wp-content\\\/uploads\\\/2022\\\/09\\\/logo-sort2.png\",\"width\":512,\"height\":394,\"caption\":\"M\u00f8llefisk &amp; Havnens R\u00f8geri\"},\"image\":{\"@id\":\"https:\\\/\\\/xn--mllefisk-54a.dk\\\/de\\\/#\\\/schema\\\/logo\\\/image\\\/\"}}]}<\/script>\n<!-- \/ Yoast SEO plugin. -->","yoast_head_json":{"title":"Gesch\u00e4ftskunden | M\u00f8llefisk &amp; Havnens R\u00f8geri","robots":{"index":"index","follow":"follow","max-snippet":"max-snippet:-1","max-image-preview":"max-image-preview:large","max-video-preview":"max-video-preview:-1"},"canonical":"https:\/\/xn--mllefisk-54a.dk\/de\/geschaeftskunden\/","og_locale":"de_DE","og_type":"article","og_title":"Gesch\u00e4ftskunden | M\u00f8llefisk &amp; Havnens R\u00f8geri","og_description":"Frischer Fisch f\u00fcr Gesch\u00e4ftskunden Wir bei M\u00f8llefisk sind stolz darauf, der bevorzugte Lieferant der Branche f\u00fcr Qualit\u00e4tsfisch zu sein. Seit 1987 liefern wir frischen und handgeschnittenen Fisch an Restaurants, Hotels, Catering-Unternehmen und andere professionelle K\u00fcchen. Mit der 20-j\u00e4hrigen Erfahrung unseres Generationenschiffs und unserer Leidenschaft f\u00fcr Fisch bieten wir einen Service, der selbst den h\u00f6chsten Anspr\u00fcchen ... Weiterlesen ...","og_url":"https:\/\/xn--mllefisk-54a.dk\/de\/geschaeftskunden\/","og_site_name":"M\u00f8llefisk &amp; Havnens R\u00f8geri","article_modified_time":"2025-06-24T09:21:35+00:00","og_image":[{"width":2048,"height":2048,"url":"https:\/\/xn--mllefisk-54a.dk\/wp-content\/uploads\/2023\/06\/moellefisk-06.jpg","type":"image\/jpeg"}],"twitter_card":"summary_large_image","twitter_misc":{"Gesch\u00e4tzte Lesezeit":"2\u00a0Minuten"},"schema":{"@context":"https:\/\/schema.org","@graph":[{"@type":"WebPage","@id":"https:\/\/xn--mllefisk-54a.dk\/de\/geschaeftskunden\/","url":"https:\/\/xn--mllefisk-54a.dk\/de\/geschaeftskunden\/","name":"Gesch\u00e4ftskunden | M\u00f8llefisk &amp; Havnens R\u00f8geri","isPartOf":{"@id":"https:\/\/xn--mllefisk-54a.dk\/de\/#website"},"primaryImageOfPage":{"@id":"https:\/\/xn--mllefisk-54a.dk\/de\/geschaeftskunden\/#primaryimage"},"image":{"@id":"https:\/\/xn--mllefisk-54a.dk\/de\/geschaeftskunden\/#primaryimage"},"thumbnailUrl":"https:\/\/xn--mllefisk-54a.dk\/wp-content\/uploads\/2023\/06\/moellefisk-06.jpg","datePublished":"2023-11-09T13:25:54+00:00","dateModified":"2025-06-24T09:21:35+00:00","breadcrumb":{"@id":"https:\/\/xn--mllefisk-54a.dk\/de\/geschaeftskunden\/#breadcrumb"},"inLanguage":"de","potentialAction":[{"@type":"ReadAction","target":["https:\/\/xn--mllefisk-54a.dk\/de\/geschaeftskunden\/"]}]},{"@type":"ImageObject","inLanguage":"de","@id":"https:\/\/xn--mllefisk-54a.dk\/de\/geschaeftskunden\/#primaryimage","url":"https:\/\/xn--mllefisk-54a.dk\/wp-content\/uploads\/2023\/06\/moellefisk-06.jpg","contentUrl":"https:\/\/xn--mllefisk-54a.dk\/wp-content\/uploads\/2023\/06\/moellefisk-06.jpg","width":2048,"height":2048},{"@type":"BreadcrumbList","@id":"https:\/\/xn--mllefisk-54a.dk\/de\/geschaeftskunden\/#breadcrumb","itemListElement":[{"@type":"ListItem","position":1,"name":"Forside","item":"https:\/\/xn--mllefisk-54a.dk\/de\/"},{"@type":"ListItem","position":2,"name":"Gesch\u00e4ftskunden"}]},{"@type":"WebSite","@id":"https:\/\/xn--mllefisk-54a.dk\/de\/#website","url":"https:\/\/xn--mllefisk-54a.dk\/de\/","name":"M\u00f8llefisk &amp; Havnens R\u00f8geri","description":"Din lokale fiskehandler \u2013 frisk fisk og r\u00f8gvarer i h\u00f8j kvalitet","publisher":{"@id":"https:\/\/xn--mllefisk-54a.dk\/de\/#organization"},"potentialAction":[{"@type":"SearchAction","target":{"@type":"EntryPoint","urlTemplate":"https:\/\/xn--mllefisk-54a.dk\/de\/?s={search_term_string}"},"query-input":{"@type":"PropertyValueSpecification","valueRequired":true,"valueName":"search_term_string"}}],"inLanguage":"de"},{"@type":"Organization","@id":"https:\/\/xn--mllefisk-54a.dk\/de\/#organization","name":"M\u00f8llefisk &amp; Havnens R\u00f8geri","url":"https:\/\/xn--mllefisk-54a.dk\/de\/","logo":{"@type":"ImageObject","inLanguage":"de","@id":"https:\/\/xn--mllefisk-54a.dk\/de\/#\/schema\/logo\/image\/","url":"https:\/\/xn--mllefisk-54a.dk\/wp-content\/uploads\/2022\/09\/logo-sort2.png","contentUrl":"https:\/\/xn--mllefisk-54a.dk\/wp-content\/uploads\/2022\/09\/logo-sort2.png","width":512,"height":394,"caption":"M\u00f8llefisk &amp; Havnens R\u00f8geri"},"image":{"@id":"https:\/\/xn--mllefisk-54a.dk\/de\/#\/schema\/logo\/image\/"}}]}},"_links":{"self":[{"href":"https:\/\/xn--mllefisk-54a.dk\/de\/wp-json\/wp\/v2\/pages\/10154","targetHints":{"allow":["GET"]}}],"collection":[{"href":"https:\/\/xn--mllefisk-54a.dk\/de\/wp-json\/wp\/v2\/pages"}],"about":[{"href":"https:\/\/xn--mllefisk-54a.dk\/de\/wp-json\/wp\/v2\/types\/page"}],"author":[{"embeddable":true,"href":"https:\/\/xn--mllefisk-54a.dk\/de\/wp-json\/wp\/v2\/users\/5"}],"replies":[{"embeddable":true,"href":"https:\/\/xn--mllefisk-54a.dk\/de\/wp-json\/wp\/v2\/comments?post=10154"}],"version-history":[{"count":2,"href":"https:\/\/xn--mllefisk-54a.dk\/de\/wp-json\/wp\/v2\/pages\/10154\/revisions"}],"predecessor-version":[{"id":10156,"href":"https:\/\/xn--mllefisk-54a.dk\/de\/wp-json\/wp\/v2\/pages\/10154\/revisions\/10156"}],"wp:featuredmedia":[{"embeddable":true,"href":"https:\/\/xn--mllefisk-54a.dk\/de\/wp-json\/wp\/v2\/media\/9735"}],"wp:attachment":[{"href":"https:\/\/xn--mllefisk-54a.dk\/de\/wp-json\/wp\/v2\/media?parent=10154"}],"wp:term":[{"taxonomy":"category","embeddable":true,"href":"https:\/\/xn--mllefisk-54a.dk\/de\/wp-json\/wp\/v2\/categories?post=10154"}],"curies":[{"name":"wp","href":"https:\/\/api.w.org\/{rel}","templated":true}]}}