{"id":10145,"date":"2025-03-20T17:14:38","date_gmt":"2025-03-20T16:14:38","guid":{"rendered":"https:\/\/xn--mllefisk-54a.dk\/smokehouse-in-glesborg-der-geschmack-von-frisch-geraeuchertem-fisch\/"},"modified":"2025-06-24T11:21:31","modified_gmt":"2025-06-24T09:21:31","slug":"smokehouse-in-glesborg-der-geschmack-von-frisch-geraeuchertem-fisch","status":"publish","type":"page","link":"https:\/\/xn--mllefisk-54a.dk\/de\/smokehouse-in-glesborg-der-geschmack-von-frisch-geraeuchertem-fisch\/","title":{"rendered":"Smokehouse in Glesborg &#8211; Der Geschmack von frisch ger\u00e4uchertem Fisch"},"content":{"rendered":"\t\t<div data-elementor-type=\"wp-page\" data-elementor-id=\"10145\" class=\"elementor elementor-10145 elementor-3595\" data-elementor-post-type=\"page\">\n\t\t\t\t<div class=\"elementor-element elementor-element-51bd62dd e-con-full no-padding e-flex e-con e-parent\" data-id=\"51bd62dd\" data-element_type=\"container\" data-e-type=\"container\">\n\t\t\t\t<div class=\"elementor-element elementor-element-102a56b1 elementor-widget elementor-widget-template\" data-id=\"102a56b1\" data-element_type=\"widget\" data-e-type=\"widget\" data-widget_type=\"template.default\">\n\t\t\t\t<div class=\"elementor-widget-container\">\n\t\t\t\t\t\t\t<div class=\"elementor-template\">\n\t\t\t\t\t<div data-elementor-type=\"container\" data-elementor-id=\"6563\" class=\"elementor elementor-6563\" data-elementor-post-type=\"elementor_library\">\n\t\t\t\t<div class=\"elementor-element elementor-element-6b499f1f e-con-full no-padding e-flex e-con e-parent\" data-id=\"6b499f1f\" data-element_type=\"container\" data-e-type=\"container\">\n\t\t\t\t<div class=\"elementor-element elementor-element-1ecbb66 elementor-widget elementor-widget-template\" data-id=\"1ecbb66\" data-element_type=\"widget\" data-e-type=\"widget\" data-widget_type=\"template.default\">\n\t\t\t\t<div class=\"elementor-widget-container\">\n\t\t\t\t\t\t\t<div class=\"elementor-template\">\n\t\t\t\t\t<div data-elementor-type=\"container\" data-elementor-id=\"6542\" class=\"elementor elementor-6542\" data-elementor-post-type=\"elementor_library\">\n\t\t\t\t<div class=\"elementor-element elementor-element-2bc4b5ab white e-flex e-con-boxed e-con e-parent\" data-id=\"2bc4b5ab\" data-element_type=\"container\" data-e-type=\"container\" data-settings=\"{&quot;background_background&quot;:&quot;classic&quot;}\">\n\t\t\t\t\t<div class=\"e-con-inner\">\n\t\t\t\t\t<\/div>\n\t\t\t\t<\/div>\n\t\t\t\t<\/div>\n\t\t\t\t<\/div>\n\t\t\t\t\t\t<\/div>\n\t\t\t\t<\/div>\n\t\t\t\t<\/div>\n\t\t\t\t<\/div>\n\t\t\t\t<\/div>\n\t\t\t\t\t\t<\/div>\n\t\t\t\t<\/div>\n\t\t\t\t<\/div>\n\t\t<div class=\"elementor-element elementor-element-2530dee2 e-flex e-con-boxed e-con e-parent\" data-id=\"2530dee2\" data-element_type=\"container\" data-e-type=\"container\">\n\t\t\t\t\t<div class=\"e-con-inner\">\n\t\t<div class=\"elementor-element elementor-element-cbcc9ab e-con-full e-flex e-con e-child\" data-id=\"cbcc9ab\" data-element_type=\"container\" data-e-type=\"container\">\n\t\t\t\t<div class=\"elementor-element elementor-element-5819a0fe elementor-widget elementor-widget-text-editor\" data-id=\"5819a0fe\" data-element_type=\"widget\" data-e-type=\"widget\" data-widget_type=\"text-editor.default\">\n\t\t\t\t<div class=\"elementor-widget-container\">\n\t\t\t\t\t\t\t\t\t<h2>Erleben Sie frischen, hochwertig ger\u00e4ucherten Fisch in Glesborg<\/h2><p>Bei M\u00f8llefisk in Glesborg werden wir von unserer Leidenschaft f\u00fcr Fisch und Kundenservice angetrieben. Wir bieten Ihnen eine Auswahl an ger\u00e4uchertem Fisch, der mit Sorgfalt und Hingabe zubereitet wird, um Ihnen ein au\u00dfergew\u00f6hnliches Erlebnis zu bieten. Wenn Sie in Glesborg, Grenaa, Kolind oder Nimtofte wohnen, k\u00f6nnen Sie ganz einfach den k\u00f6stlichen Geschmack von frisch ger\u00e4uchertem Fisch genie\u00dfen &#8211; direkt aus unserer R\u00e4ucherkammer.<\/p><h2>Traditionelle Handwerkskunst und Qualit\u00e4t in jedem Bissen<\/h2><p>Unsere R\u00e4ucherei in Glesborg verwendet nur den besten Fisch und traditionelle R\u00e4ucherverfahren, um einen authentischen Geschmack zu gew\u00e4hrleisten. Unsere Leidenschaft f\u00fcr Handwerkskunst spiegelt sich in jedem Bissen wider und wir sind stolz darauf, eine gro\u00dfe Auswahl an ger\u00e4uchertem Fisch f\u00fcr jeden Geschmack anbieten zu k\u00f6nnen. Ob Sie ein erfahrener Fischliebhaber sind oder zum ersten Mal ger\u00e4ucherten Fisch probieren, unsere Produkte werden Sie beeindrucken.<\/p><h2>Ein unvergessliches Erlebnis mit exzellenter Kundenbetreuung<\/h2><p>Wir bem\u00fchen uns nicht nur um hohe Qualit\u00e4t bei unseren Produkten, sondern auch bei unserem Service. Unsere Mitarbeiter in Glesborg sind immer bereit, Sie pers\u00f6nlich zu beraten und Ihnen bei der Auswahl des richtigen R\u00e4ucherfisches zu helfen. Wir sind stolz darauf, dass Sie sowohl mit unseren Produkten als auch mit unserem Service eine positive Erfahrung machen.<\/p><h2>R\u00e4ucherei in Glesborg, in der N\u00e4he von Grenaa, Kolind und Nimtofte<\/h2><p>Sind Sie in Glesborg oder wohnen Sie in den benachbarten Gebieten wie Grenaa, Kolind oder Nimtofte? Dann sind Sie kurz davor, unseren k\u00f6stlichen ger\u00e4ucherten Fisch zu probieren. Kommen Sie in unserer R\u00e4ucherei in Glesborg vorbei oder lassen Sie sich Ihren ger\u00e4ucherten Fisch direkt nach Hause liefern. Wir sorgen daf\u00fcr, dass Sie unsere Qualit\u00e4t immer erhalten k\u00f6nnen, egal wo Sie in der Gegend wohnen.<\/p><h2>Kontakt M\u00f8llefisk in Glesborg<\/h2><p>Sind Sie bereit, den unvergleichlichen Geschmack von ger\u00e4uchertem Fisch zu erleben? Besuchen Sie uns in Glesborg oder kontaktieren Sie uns noch heute, um Ihren R\u00e4ucherfisch zu bestellen. Wir freuen uns darauf, unsere Leidenschaft f\u00fcr Fisch und Kundenservice mit Ihnen zu teilen!<\/p>\t\t\t\t\t\t\t\t<\/div>\n\t\t\t\t<\/div>\n\t\t\t\t<\/div>\n\t\t<div class=\"elementor-element elementor-element-6c521532 e-con-full e-flex e-con e-child\" data-id=\"6c521532\" data-element_type=\"container\" data-e-type=\"container\">\n\t\t\t\t<div class=\"elementor-element elementor-element-4210033e dark elementor-widget elementor-widget-sidebar\" data-id=\"4210033e\" data-element_type=\"widget\" data-e-type=\"widget\" data-widget_type=\"sidebar.default\">\n\t\t\t\t<div class=\"elementor-widget-container\">\n\t\t\t\t\t<aside id=\"text-13\" class=\"widget-odd widget-5 widget inner-padding widget_text\"><h2 class=\"widget-title\">M\u00f6chten Sie mehr erfahren?<\/h2>\t\t\t<div class=\"textwidget\"><p>F\u00fcllen Sie das Formular aus und wir werden Sie so schnell wie m\u00f6glich kontaktieren.<\/p>\n<\/div>\n\t\t<\/aside><aside id=\"forminator_widget-4\" class=\"widget-even widget-last widget-6 widget inner-padding widget_forminator_widget\"><form id=\"forminator-module-10204\" class=\"forminator-custom-form forminator-custom-form-10204\" method=\"post\" data-forminator-render=\"0\" data-uid=\"69d7c63a96035\"><div role=\"alert\" aria-live=\"polite\" class=\"forminator-response-message forminator-error\" aria-hidden=\"true\"><\/div><\/form><\/aside>\t\t\t\t<\/div>\n\t\t\t\t<\/div>\n\t\t\t\t<\/div>\n\t\t\t\t\t<\/div>\n\t\t\t\t<\/div>\n\t\t<div class=\"elementor-element elementor-element-45ca3985 e-con-full e-flex e-con e-parent\" data-id=\"45ca3985\" data-element_type=\"container\" data-e-type=\"container\">\n\t\t\t\t<div class=\"elementor-element elementor-element-6cbfe66b elementor-widget elementor-widget-gallery\" data-id=\"6cbfe66b\" data-element_type=\"widget\" data-e-type=\"widget\" data-settings=\"{&quot;columns&quot;:6,&quot;columns_tablet&quot;:3,&quot;columns_mobile&quot;:2,&quot;gap&quot;:{&quot;unit&quot;:&quot;px&quot;,&quot;size&quot;:0,&quot;sizes&quot;:[]},&quot;gap_laptop&quot;:{&quot;unit&quot;:&quot;px&quot;,&quot;size&quot;:0,&quot;sizes&quot;:[]},&quot;gap_tablet&quot;:{&quot;unit&quot;:&quot;px&quot;,&quot;size&quot;:0,&quot;sizes&quot;:[]},&quot;gap_mobile&quot;:{&quot;unit&quot;:&quot;px&quot;,&quot;size&quot;:0,&quot;sizes&quot;:[]},&quot;aspect_ratio&quot;:&quot;1:1&quot;,&quot;lazyload&quot;:&quot;yes&quot;,&quot;gallery_layout&quot;:&quot;grid&quot;,&quot;link_to&quot;:&quot;file&quot;,&quot;content_hover_animation&quot;:&quot;fade-in&quot;}\" data-widget_type=\"gallery.default\">\n\t\t\t\t<div class=\"elementor-widget-container\">\n\t\t\t\t\t\t\t<div class=\"elementor-gallery__container\">\n\t\t\t\t\t\t\t<a class=\"e-gallery-item elementor-gallery-item elementor-animated-content\" href=\"https:\/\/xn--mllefisk-54a.dk\/wp-content\/uploads\/2023\/06\/moellefisk-21.jpg\" data-elementor-open-lightbox=\"yes\" data-elementor-lightbox-slideshow=\"6cbfe66b\" data-e-action-hash=\"#elementor-action%3Aaction%3Dlightbox%26settings%3DeyJpZCI6MzUzMCwidXJsIjoiaHR0cHM6XC9cL3huLS1tbGxlZmlzay01NGEuZGtcL3dwLWNvbnRlbnRcL3VwbG9hZHNcLzIwMjNcLzA2XC9tb2VsbGVmaXNrLTIxLmpwZyIsInNsaWRlc2hvdyI6IjZjYmZlNjZiIn0%3D\" data-rel=\"-image-0\" data-rl_title=\"\" data-rl_caption=\"\" title=\"\">\n\t\t\t\t\t<div class=\"e-gallery-image elementor-gallery-item__image\" data-thumbnail=\"https:\/\/xn--mllefisk-54a.dk\/wp-content\/uploads\/2023\/06\/moellefisk-21-333x500.jpg\" data-width=\"333\" data-height=\"500\" aria-label=\"\" role=\"img\" ><\/div>\n\t\t\t\t\t\t\t\t\t\t\t\t\t\t<\/a>\n\t\t\t\t\t\t\t<a class=\"e-gallery-item elementor-gallery-item elementor-animated-content\" href=\"https:\/\/xn--mllefisk-54a.dk\/wp-content\/uploads\/2023\/06\/moellefisk-16.jpg\" data-elementor-open-lightbox=\"yes\" data-elementor-lightbox-slideshow=\"6cbfe66b\" data-e-action-hash=\"#elementor-action%3Aaction%3Dlightbox%26settings%3DeyJpZCI6MzUwNSwidXJsIjoiaHR0cHM6XC9cL3huLS1tbGxlZmlzay01NGEuZGtcL3dwLWNvbnRlbnRcL3VwbG9hZHNcLzIwMjNcLzA2XC9tb2VsbGVmaXNrLTE2LmpwZyIsInNsaWRlc2hvdyI6IjZjYmZlNjZiIn0%3D\" data-rel=\"-image-1\" data-rl_title=\"\" data-rl_caption=\"\" title=\"\">\n\t\t\t\t\t<div class=\"e-gallery-image elementor-gallery-item__image\" data-thumbnail=\"https:\/\/xn--mllefisk-54a.dk\/wp-content\/uploads\/2023\/06\/moellefisk-16-500x500.jpg\" data-width=\"500\" data-height=\"500\" aria-label=\"\" role=\"img\" ><\/div>\n\t\t\t\t\t\t\t\t\t\t\t\t\t\t<\/a>\n\t\t\t\t\t\t\t<a class=\"e-gallery-item elementor-gallery-item elementor-animated-content\" href=\"https:\/\/xn--mllefisk-54a.dk\/wp-content\/uploads\/2023\/06\/moellefisk-25.jpg\" data-elementor-open-lightbox=\"yes\" data-elementor-lightbox-slideshow=\"6cbfe66b\" data-e-action-hash=\"#elementor-action%3Aaction%3Dlightbox%26settings%3DeyJpZCI6MzUxMCwidXJsIjoiaHR0cHM6XC9cL3huLS1tbGxlZmlzay01NGEuZGtcL3dwLWNvbnRlbnRcL3VwbG9hZHNcLzIwMjNcLzA2XC9tb2VsbGVmaXNrLTI1LmpwZyIsInNsaWRlc2hvdyI6IjZjYmZlNjZiIn0%3D\" data-rel=\"-image-2\" data-rl_title=\"\" data-rl_caption=\"\" title=\"\">\n\t\t\t\t\t<div class=\"e-gallery-image elementor-gallery-item__image\" data-thumbnail=\"https:\/\/xn--mllefisk-54a.dk\/wp-content\/uploads\/2023\/06\/moellefisk-25-281x500.jpg\" data-width=\"281\" data-height=\"500\" aria-label=\"\" role=\"img\" ><\/div>\n\t\t\t\t\t\t\t\t\t\t\t\t\t\t<\/a>\n\t\t\t\t\t\t\t<a class=\"e-gallery-item elementor-gallery-item elementor-animated-content\" href=\"https:\/\/xn--mllefisk-54a.dk\/wp-content\/uploads\/2023\/06\/moellefisk-19.jpg\" data-elementor-open-lightbox=\"yes\" data-elementor-lightbox-slideshow=\"6cbfe66b\" data-e-action-hash=\"#elementor-action%3Aaction%3Dlightbox%26settings%3DeyJpZCI6MzUwOCwidXJsIjoiaHR0cHM6XC9cL3huLS1tbGxlZmlzay01NGEuZGtcL3dwLWNvbnRlbnRcL3VwbG9hZHNcLzIwMjNcLzA2XC9tb2VsbGVmaXNrLTE5LmpwZyIsInNsaWRlc2hvdyI6IjZjYmZlNjZiIn0%3D\" data-rel=\"-image-3\" data-rl_title=\"\" data-rl_caption=\"\" title=\"\">\n\t\t\t\t\t<div class=\"e-gallery-image elementor-gallery-item__image\" data-thumbnail=\"https:\/\/xn--mllefisk-54a.dk\/wp-content\/uploads\/2023\/06\/moellefisk-19-500x500.jpg\" data-width=\"500\" data-height=\"500\" aria-label=\"Fiskehandler p\u00e5 Djursland fileterer fisk\" role=\"img\" ><\/div>\n\t\t\t\t\t\t\t\t\t\t\t\t\t\t<\/a>\n\t\t\t\t\t\t\t<a class=\"e-gallery-item elementor-gallery-item elementor-animated-content\" href=\"https:\/\/xn--mllefisk-54a.dk\/wp-content\/uploads\/2023\/06\/moellefisk-18.jpg\" data-elementor-open-lightbox=\"yes\" data-elementor-lightbox-slideshow=\"6cbfe66b\" data-e-action-hash=\"#elementor-action%3Aaction%3Dlightbox%26settings%3DeyJpZCI6MzUwNywidXJsIjoiaHR0cHM6XC9cL3huLS1tbGxlZmlzay01NGEuZGtcL3dwLWNvbnRlbnRcL3VwbG9hZHNcLzIwMjNcLzA2XC9tb2VsbGVmaXNrLTE4LmpwZyIsInNsaWRlc2hvdyI6IjZjYmZlNjZiIn0%3D\" data-rel=\"-image-4\" data-rl_title=\"\" data-rl_caption=\"\" title=\"\">\n\t\t\t\t\t<div class=\"e-gallery-image elementor-gallery-item__image\" data-thumbnail=\"https:\/\/xn--mllefisk-54a.dk\/wp-content\/uploads\/2023\/06\/moellefisk-18-500x500.jpg\" data-width=\"500\" data-height=\"500\" aria-label=\"Fiskehandler p\u00e5 Djursland udsk\u00e6rer laks\" role=\"img\" ><\/div>\n\t\t\t\t\t\t\t\t\t\t\t\t\t\t<\/a>\n\t\t\t\t\t\t\t<a class=\"e-gallery-item elementor-gallery-item elementor-animated-content\" href=\"https:\/\/xn--mllefisk-54a.dk\/wp-content\/uploads\/2023\/06\/moellefisk-13.jpg\" data-elementor-open-lightbox=\"yes\" data-elementor-lightbox-slideshow=\"6cbfe66b\" data-e-action-hash=\"#elementor-action%3Aaction%3Dlightbox%26settings%3DeyJpZCI6MzUwMywidXJsIjoiaHR0cHM6XC9cL3huLS1tbGxlZmlzay01NGEuZGtcL3dwLWNvbnRlbnRcL3VwbG9hZHNcLzIwMjNcLzA2XC9tb2VsbGVmaXNrLTEzLmpwZyIsInNsaWRlc2hvdyI6IjZjYmZlNjZiIn0%3D\" data-rel=\"-image-5\" data-rl_title=\"\" data-rl_caption=\"\" title=\"\">\n\t\t\t\t\t<div class=\"e-gallery-image elementor-gallery-item__image\" data-thumbnail=\"https:\/\/xn--mllefisk-54a.dk\/wp-content\/uploads\/2023\/06\/moellefisk-13-500x500.jpg\" data-width=\"500\" data-height=\"500\" aria-label=\"Fiskehandler p\u00e5 Djursland s\u00e6lger fisk\" role=\"img\" ><\/div>\n\t\t\t\t\t\t\t\t\t\t\t\t\t\t<\/a>\n\t\t\t\t\t<\/div>\n\t\t\t\t\t<\/div>\n\t\t\t\t<\/div>\n\t\t\t\t<\/div>\n\t\t\t\t<\/div>\n\t\t","protected":false},"excerpt":{"rendered":"<p>Erleben Sie frischen, hochwertig ger\u00e4ucherten Fisch in Glesborg Bei M\u00f8llefisk in Glesborg werden wir von unserer Leidenschaft f\u00fcr Fisch und Kundenservice angetrieben. Wir bieten Ihnen eine Auswahl an ger\u00e4uchertem Fisch, der mit Sorgfalt und Hingabe zubereitet wird, um Ihnen ein au\u00dfergew\u00f6hnliches Erlebnis zu bieten. Wenn Sie in Glesborg, Grenaa, Kolind oder Nimtofte wohnen, k\u00f6nnen Sie &#8230; <a title=\"Smokehouse in Glesborg &#8211; Der Geschmack von frisch ger\u00e4uchertem Fisch\" class=\"read-more\" href=\"https:\/\/xn--mllefisk-54a.dk\/de\/smokehouse-in-glesborg-der-geschmack-von-frisch-geraeuchertem-fisch\/\" aria-label=\"Mehr Informationen \u00fcber Smokehouse in Glesborg &#8211; Der Geschmack von frisch ger\u00e4uchertem Fisch\">Weiterlesen &#8230;<\/a><\/p>\n","protected":false},"author":5,"featured_media":9735,"parent":0,"menu_order":0,"comment_status":"closed","ping_status":"closed","template":"","meta":{"_acf_changed":false,"footnotes":""},"categories":[],"class_list":["post-10145","page","type-page","status-publish","has-post-thumbnail"],"acf":[],"yoast_head":"<!-- This site is optimized with the Yoast SEO plugin v27.3 - https:\/\/yoast.com\/product\/yoast-seo-wordpress\/ -->\n<title>Smokehouse in Glesborg - Der Geschmack von frisch ger\u00e4uchertem Fisch | M\u00f8llefisk &amp; Havnens R\u00f8geri<\/title>\n<meta name=\"robots\" content=\"index, follow, max-snippet:-1, max-image-preview:large, max-video-preview:-1\" \/>\n<link rel=\"canonical\" href=\"https:\/\/xn--mllefisk-54a.dk\/de\/smokehouse-in-glesborg-der-geschmack-von-frisch-geraeuchertem-fisch\/\" \/>\n<meta property=\"og:locale\" content=\"de_DE\" \/>\n<meta property=\"og:type\" content=\"article\" \/>\n<meta property=\"og:title\" content=\"Smokehouse in Glesborg - Der Geschmack von frisch ger\u00e4uchertem Fisch | M\u00f8llefisk &amp; Havnens R\u00f8geri\" \/>\n<meta property=\"og:description\" content=\"Erleben Sie frischen, hochwertig ger\u00e4ucherten Fisch in Glesborg Bei M\u00f8llefisk in Glesborg werden wir von unserer Leidenschaft f\u00fcr Fisch und Kundenservice angetrieben. Wir bieten Ihnen eine Auswahl an ger\u00e4uchertem Fisch, der mit Sorgfalt und Hingabe zubereitet wird, um Ihnen ein au\u00dfergew\u00f6hnliches Erlebnis zu bieten. Wenn Sie in Glesborg, Grenaa, Kolind oder Nimtofte wohnen, k\u00f6nnen Sie ... Weiterlesen ...\" \/>\n<meta property=\"og:url\" content=\"https:\/\/xn--mllefisk-54a.dk\/de\/smokehouse-in-glesborg-der-geschmack-von-frisch-geraeuchertem-fisch\/\" \/>\n<meta property=\"og:site_name\" content=\"M\u00f8llefisk &amp; Havnens R\u00f8geri\" \/>\n<meta property=\"article:modified_time\" content=\"2025-06-24T09:21:31+00:00\" \/>\n<meta property=\"og:image\" content=\"https:\/\/xn--mllefisk-54a.dk\/wp-content\/uploads\/2023\/06\/moellefisk-06.jpg\" \/>\n\t<meta property=\"og:image:width\" content=\"2048\" \/>\n\t<meta property=\"og:image:height\" content=\"2048\" \/>\n\t<meta property=\"og:image:type\" content=\"image\/jpeg\" \/>\n<meta name=\"twitter:card\" content=\"summary_large_image\" \/>\n<meta name=\"twitter:label1\" content=\"Gesch\u00e4tzte Lesezeit\" \/>\n\t<meta name=\"twitter:data1\" content=\"2\u00a0Minuten\" \/>\n<script type=\"application\/ld+json\" class=\"yoast-schema-graph\">{\"@context\":\"https:\\\/\\\/schema.org\",\"@graph\":[{\"@type\":\"WebPage\",\"@id\":\"https:\\\/\\\/xn--mllefisk-54a.dk\\\/de\\\/smokehouse-in-glesborg-der-geschmack-von-frisch-geraeuchertem-fisch\\\/\",\"url\":\"https:\\\/\\\/xn--mllefisk-54a.dk\\\/de\\\/smokehouse-in-glesborg-der-geschmack-von-frisch-geraeuchertem-fisch\\\/\",\"name\":\"Smokehouse in Glesborg - Der Geschmack von frisch ger\u00e4uchertem Fisch | M\u00f8llefisk &amp; Havnens R\u00f8geri\",\"isPartOf\":{\"@id\":\"https:\\\/\\\/xn--mllefisk-54a.dk\\\/de\\\/#website\"},\"primaryImageOfPage\":{\"@id\":\"https:\\\/\\\/xn--mllefisk-54a.dk\\\/de\\\/smokehouse-in-glesborg-der-geschmack-von-frisch-geraeuchertem-fisch\\\/#primaryimage\"},\"image\":{\"@id\":\"https:\\\/\\\/xn--mllefisk-54a.dk\\\/de\\\/smokehouse-in-glesborg-der-geschmack-von-frisch-geraeuchertem-fisch\\\/#primaryimage\"},\"thumbnailUrl\":\"https:\\\/\\\/xn--mllefisk-54a.dk\\\/wp-content\\\/uploads\\\/2023\\\/06\\\/moellefisk-06.jpg\",\"datePublished\":\"2025-03-20T16:14:38+00:00\",\"dateModified\":\"2025-06-24T09:21:31+00:00\",\"breadcrumb\":{\"@id\":\"https:\\\/\\\/xn--mllefisk-54a.dk\\\/de\\\/smokehouse-in-glesborg-der-geschmack-von-frisch-geraeuchertem-fisch\\\/#breadcrumb\"},\"inLanguage\":\"de\",\"potentialAction\":[{\"@type\":\"ReadAction\",\"target\":[\"https:\\\/\\\/xn--mllefisk-54a.dk\\\/de\\\/smokehouse-in-glesborg-der-geschmack-von-frisch-geraeuchertem-fisch\\\/\"]}]},{\"@type\":\"ImageObject\",\"inLanguage\":\"de\",\"@id\":\"https:\\\/\\\/xn--mllefisk-54a.dk\\\/de\\\/smokehouse-in-glesborg-der-geschmack-von-frisch-geraeuchertem-fisch\\\/#primaryimage\",\"url\":\"https:\\\/\\\/xn--mllefisk-54a.dk\\\/wp-content\\\/uploads\\\/2023\\\/06\\\/moellefisk-06.jpg\",\"contentUrl\":\"https:\\\/\\\/xn--mllefisk-54a.dk\\\/wp-content\\\/uploads\\\/2023\\\/06\\\/moellefisk-06.jpg\",\"width\":2048,\"height\":2048},{\"@type\":\"BreadcrumbList\",\"@id\":\"https:\\\/\\\/xn--mllefisk-54a.dk\\\/de\\\/smokehouse-in-glesborg-der-geschmack-von-frisch-geraeuchertem-fisch\\\/#breadcrumb\",\"itemListElement\":[{\"@type\":\"ListItem\",\"position\":1,\"name\":\"Forside\",\"item\":\"https:\\\/\\\/xn--mllefisk-54a.dk\\\/de\\\/\"},{\"@type\":\"ListItem\",\"position\":2,\"name\":\"Smokehouse in Glesborg &#8211; Der Geschmack von frisch ger\u00e4uchertem Fisch\"}]},{\"@type\":\"WebSite\",\"@id\":\"https:\\\/\\\/xn--mllefisk-54a.dk\\\/de\\\/#website\",\"url\":\"https:\\\/\\\/xn--mllefisk-54a.dk\\\/de\\\/\",\"name\":\"M\u00f8llefisk &amp; Havnens R\u00f8geri\",\"description\":\"Din lokale fiskehandler \u2013 frisk fisk og r\u00f8gvarer i h\u00f8j kvalitet\",\"publisher\":{\"@id\":\"https:\\\/\\\/xn--mllefisk-54a.dk\\\/de\\\/#organization\"},\"potentialAction\":[{\"@type\":\"SearchAction\",\"target\":{\"@type\":\"EntryPoint\",\"urlTemplate\":\"https:\\\/\\\/xn--mllefisk-54a.dk\\\/de\\\/?s={search_term_string}\"},\"query-input\":{\"@type\":\"PropertyValueSpecification\",\"valueRequired\":true,\"valueName\":\"search_term_string\"}}],\"inLanguage\":\"de\"},{\"@type\":\"Organization\",\"@id\":\"https:\\\/\\\/xn--mllefisk-54a.dk\\\/de\\\/#organization\",\"name\":\"M\u00f8llefisk &amp; Havnens R\u00f8geri\",\"url\":\"https:\\\/\\\/xn--mllefisk-54a.dk\\\/de\\\/\",\"logo\":{\"@type\":\"ImageObject\",\"inLanguage\":\"de\",\"@id\":\"https:\\\/\\\/xn--mllefisk-54a.dk\\\/de\\\/#\\\/schema\\\/logo\\\/image\\\/\",\"url\":\"https:\\\/\\\/xn--mllefisk-54a.dk\\\/wp-content\\\/uploads\\\/2022\\\/09\\\/logo-sort2.png\",\"contentUrl\":\"https:\\\/\\\/xn--mllefisk-54a.dk\\\/wp-content\\\/uploads\\\/2022\\\/09\\\/logo-sort2.png\",\"width\":512,\"height\":394,\"caption\":\"M\u00f8llefisk &amp; Havnens R\u00f8geri\"},\"image\":{\"@id\":\"https:\\\/\\\/xn--mllefisk-54a.dk\\\/de\\\/#\\\/schema\\\/logo\\\/image\\\/\"}}]}<\/script>\n<!-- \/ Yoast SEO plugin. -->","yoast_head_json":{"title":"Smokehouse in Glesborg - Der Geschmack von frisch ger\u00e4uchertem Fisch | M\u00f8llefisk &amp; Havnens R\u00f8geri","robots":{"index":"index","follow":"follow","max-snippet":"max-snippet:-1","max-image-preview":"max-image-preview:large","max-video-preview":"max-video-preview:-1"},"canonical":"https:\/\/xn--mllefisk-54a.dk\/de\/smokehouse-in-glesborg-der-geschmack-von-frisch-geraeuchertem-fisch\/","og_locale":"de_DE","og_type":"article","og_title":"Smokehouse in Glesborg - Der Geschmack von frisch ger\u00e4uchertem Fisch | M\u00f8llefisk &amp; Havnens R\u00f8geri","og_description":"Erleben Sie frischen, hochwertig ger\u00e4ucherten Fisch in Glesborg Bei M\u00f8llefisk in Glesborg werden wir von unserer Leidenschaft f\u00fcr Fisch und Kundenservice angetrieben. Wir bieten Ihnen eine Auswahl an ger\u00e4uchertem Fisch, der mit Sorgfalt und Hingabe zubereitet wird, um Ihnen ein au\u00dfergew\u00f6hnliches Erlebnis zu bieten. Wenn Sie in Glesborg, Grenaa, Kolind oder Nimtofte wohnen, k\u00f6nnen Sie ... Weiterlesen ...","og_url":"https:\/\/xn--mllefisk-54a.dk\/de\/smokehouse-in-glesborg-der-geschmack-von-frisch-geraeuchertem-fisch\/","og_site_name":"M\u00f8llefisk &amp; Havnens R\u00f8geri","article_modified_time":"2025-06-24T09:21:31+00:00","og_image":[{"width":2048,"height":2048,"url":"https:\/\/xn--mllefisk-54a.dk\/wp-content\/uploads\/2023\/06\/moellefisk-06.jpg","type":"image\/jpeg"}],"twitter_card":"summary_large_image","twitter_misc":{"Gesch\u00e4tzte Lesezeit":"2\u00a0Minuten"},"schema":{"@context":"https:\/\/schema.org","@graph":[{"@type":"WebPage","@id":"https:\/\/xn--mllefisk-54a.dk\/de\/smokehouse-in-glesborg-der-geschmack-von-frisch-geraeuchertem-fisch\/","url":"https:\/\/xn--mllefisk-54a.dk\/de\/smokehouse-in-glesborg-der-geschmack-von-frisch-geraeuchertem-fisch\/","name":"Smokehouse in Glesborg - Der Geschmack von frisch ger\u00e4uchertem Fisch | M\u00f8llefisk &amp; Havnens R\u00f8geri","isPartOf":{"@id":"https:\/\/xn--mllefisk-54a.dk\/de\/#website"},"primaryImageOfPage":{"@id":"https:\/\/xn--mllefisk-54a.dk\/de\/smokehouse-in-glesborg-der-geschmack-von-frisch-geraeuchertem-fisch\/#primaryimage"},"image":{"@id":"https:\/\/xn--mllefisk-54a.dk\/de\/smokehouse-in-glesborg-der-geschmack-von-frisch-geraeuchertem-fisch\/#primaryimage"},"thumbnailUrl":"https:\/\/xn--mllefisk-54a.dk\/wp-content\/uploads\/2023\/06\/moellefisk-06.jpg","datePublished":"2025-03-20T16:14:38+00:00","dateModified":"2025-06-24T09:21:31+00:00","breadcrumb":{"@id":"https:\/\/xn--mllefisk-54a.dk\/de\/smokehouse-in-glesborg-der-geschmack-von-frisch-geraeuchertem-fisch\/#breadcrumb"},"inLanguage":"de","potentialAction":[{"@type":"ReadAction","target":["https:\/\/xn--mllefisk-54a.dk\/de\/smokehouse-in-glesborg-der-geschmack-von-frisch-geraeuchertem-fisch\/"]}]},{"@type":"ImageObject","inLanguage":"de","@id":"https:\/\/xn--mllefisk-54a.dk\/de\/smokehouse-in-glesborg-der-geschmack-von-frisch-geraeuchertem-fisch\/#primaryimage","url":"https:\/\/xn--mllefisk-54a.dk\/wp-content\/uploads\/2023\/06\/moellefisk-06.jpg","contentUrl":"https:\/\/xn--mllefisk-54a.dk\/wp-content\/uploads\/2023\/06\/moellefisk-06.jpg","width":2048,"height":2048},{"@type":"BreadcrumbList","@id":"https:\/\/xn--mllefisk-54a.dk\/de\/smokehouse-in-glesborg-der-geschmack-von-frisch-geraeuchertem-fisch\/#breadcrumb","itemListElement":[{"@type":"ListItem","position":1,"name":"Forside","item":"https:\/\/xn--mllefisk-54a.dk\/de\/"},{"@type":"ListItem","position":2,"name":"Smokehouse in Glesborg &#8211; Der Geschmack von frisch ger\u00e4uchertem Fisch"}]},{"@type":"WebSite","@id":"https:\/\/xn--mllefisk-54a.dk\/de\/#website","url":"https:\/\/xn--mllefisk-54a.dk\/de\/","name":"M\u00f8llefisk &amp; Havnens R\u00f8geri","description":"Din lokale fiskehandler \u2013 frisk fisk og r\u00f8gvarer i h\u00f8j kvalitet","publisher":{"@id":"https:\/\/xn--mllefisk-54a.dk\/de\/#organization"},"potentialAction":[{"@type":"SearchAction","target":{"@type":"EntryPoint","urlTemplate":"https:\/\/xn--mllefisk-54a.dk\/de\/?s={search_term_string}"},"query-input":{"@type":"PropertyValueSpecification","valueRequired":true,"valueName":"search_term_string"}}],"inLanguage":"de"},{"@type":"Organization","@id":"https:\/\/xn--mllefisk-54a.dk\/de\/#organization","name":"M\u00f8llefisk &amp; Havnens R\u00f8geri","url":"https:\/\/xn--mllefisk-54a.dk\/de\/","logo":{"@type":"ImageObject","inLanguage":"de","@id":"https:\/\/xn--mllefisk-54a.dk\/de\/#\/schema\/logo\/image\/","url":"https:\/\/xn--mllefisk-54a.dk\/wp-content\/uploads\/2022\/09\/logo-sort2.png","contentUrl":"https:\/\/xn--mllefisk-54a.dk\/wp-content\/uploads\/2022\/09\/logo-sort2.png","width":512,"height":394,"caption":"M\u00f8llefisk &amp; Havnens R\u00f8geri"},"image":{"@id":"https:\/\/xn--mllefisk-54a.dk\/de\/#\/schema\/logo\/image\/"}}]}},"_links":{"self":[{"href":"https:\/\/xn--mllefisk-54a.dk\/de\/wp-json\/wp\/v2\/pages\/10145","targetHints":{"allow":["GET"]}}],"collection":[{"href":"https:\/\/xn--mllefisk-54a.dk\/de\/wp-json\/wp\/v2\/pages"}],"about":[{"href":"https:\/\/xn--mllefisk-54a.dk\/de\/wp-json\/wp\/v2\/types\/page"}],"author":[{"embeddable":true,"href":"https:\/\/xn--mllefisk-54a.dk\/de\/wp-json\/wp\/v2\/users\/5"}],"replies":[{"embeddable":true,"href":"https:\/\/xn--mllefisk-54a.dk\/de\/wp-json\/wp\/v2\/comments?post=10145"}],"version-history":[{"count":2,"href":"https:\/\/xn--mllefisk-54a.dk\/de\/wp-json\/wp\/v2\/pages\/10145\/revisions"}],"predecessor-version":[{"id":10152,"href":"https:\/\/xn--mllefisk-54a.dk\/de\/wp-json\/wp\/v2\/pages\/10145\/revisions\/10152"}],"wp:featuredmedia":[{"embeddable":true,"href":"https:\/\/xn--mllefisk-54a.dk\/de\/wp-json\/wp\/v2\/media\/9735"}],"wp:attachment":[{"href":"https:\/\/xn--mllefisk-54a.dk\/de\/wp-json\/wp\/v2\/media?parent=10145"}],"wp:term":[{"taxonomy":"category","embeddable":true,"href":"https:\/\/xn--mllefisk-54a.dk\/de\/wp-json\/wp\/v2\/categories?post=10145"}],"curies":[{"name":"wp","href":"https:\/\/api.w.org\/{rel}","templated":true}]}}